{"id":109,"date":"2025-04-23T18:15:21","date_gmt":"2025-04-23T15:15:21","guid":{"rendered":"https:\/\/eurowiza.com\/en\/?page_id=109"},"modified":"2025-10-16T18:29:30","modified_gmt":"2025-10-16T15:29:30","slug":"czech-republic","status":"publish","type":"page","link":"https:\/\/eurowiza.com\/pl\/czech-republic\/","title":{"rendered":"Czechy"},"content":{"rendered":"\n<p>Czechy to stabilna gospodarka w Europie \u015arodkowej, cz\u0142onek UE i strefy Schengen.<br>Kraj \u0142\u0105czy historyczn\u0105 architektur\u0119, nowoczesn\u0105 infrastruktur\u0119 i logistyk\u0119 dogodn\u0105 dla rynk\u00f3w europejskich.<br>Regionalne o\u015brodki wspieraj\u0105 biznes w technologii, produkcji i us\u0142ugach, ma\u0142e miasta oferuj\u0105 ta\u0144sze \u017cycie.<\/p>\n\n\n\n<p>Migracja i Relokacja<\/p>\n\n\n\n<p>Dla obywateli WNP to jasna jurysdykcja z formalnymi \u015bcie\u017ckami legalizacji i relokacji.<br>Kluczowe opcje: wiza pracownicza, karta zam\u011bstnaneck\u00e1, Niebieska Karta UE, wizy studenckie i \u0142\u0105czenie rodzin.<br>Procedura jest przejrzysta: umowa o prac\u0119, potwierdzenie kwalifikacji, ubezpieczenie, konsulat i terminy prawne.<\/p>\n\n\n\n<p>Gospodarka i Rynek Pracy<\/p>\n\n\n\n<p>Gospodarka jest zr\u00f3\u017cnicowana: motoryzacja, maszyny, elektronika, e-commerce, budownictwo, medycyna, IT i us\u0142ugi.<br>Poszukiwani s\u0105 pracownicy produkcji, technicy i biurowi \u2014 od junior\u00f3w po middle i senior.<br>Dla wielu Czechy to pierwszy krok do UE z kontraktami, stabilnym grafikiem i benefitami.<\/p>\n\n\n\n<p>System Edukacji<\/p>\n\n\n\n<p>Edukacja wspiera rozw\u00f3j umiej\u0119tno\u015bci. Uniwersytet Karola, \u010cVUT i Masaryka to liderzy regionu.<br>Programy po czesku s\u0105 tanie, angielskie p\u0142atne, ale prowadz\u0105 do pracy i karty pobytu.<\/p>\n\n\n\n<p>Jako\u015b\u0107 \u017bycia<\/p>\n\n\n\n<p>Jako\u015b\u0107 \u017cycia jest konkurencyjna: niezawodna opieka zdrowotna, sprawny transport i niska przest\u0119pczo\u015b\u0107.<br>Koszty \u017cycia s\u0105 ni\u017csze ni\u017c w Europie Zachodniej: Praga dro\u017csza, regiony bardziej dost\u0119pne.<br>Kultura i natura \u2014 zamki, festiwale, g\u00f3ry i jeziora \u2014 zapewniaj\u0105 zdrowy work-life balance.<\/p>\n\n\n\n<p>Czechy to stabilno\u015b\u0107, jasne zasady i d\u0142ugoterminowe planowanie.<br>Tutaj mo\u017cna studiowa\u0107, pracowa\u0107, prowadzi\u0107 biznes i budowa\u0107 bezpieczn\u0105 przysz\u0142o\u015b\u0107 rodziny.<\/p>\n","protected":false},"excerpt":{"rendered":"<p>Czechy to stabilna gospodarka w Europie \u015arodkowej, cz\u0142onek UE i strefy Schengen.Kraj \u0142\u0105czy historyczn\u0105 architektur\u0119, nowoczesn\u0105 infrastruktur\u0119 i logistyk\u0119 dogodn\u0105 dla rynk\u00f3w europejskich.Regionalne o\u015brodki wspieraj\u0105 biznes w technologii, produkcji i us\u0142ugach, ma\u0142e miasta oferuj\u0105 ta\u0144sze \u017cycie. Migracja i Relokacja Dla obywateli WNP to jasna jurysdykcja z formalnymi \u015bcie\u017ckami legalizacji i relokacji.Kluczowe opcje: wiza pracownicza, karta [&hellip;]<\/p>\n","protected":false},"author":1,"featured_media":3305,"parent":0,"menu_order":23,"comment_status":"closed","ping_status":"closed","template":"","meta":{"_acf_changed":false,"footnotes":""},"class_list":["post-109","page","type-page","status-publish","has-post-thumbnail","hentry"],"acf":[],"yoast_head":"<!-- This site is optimized with the Yoast SEO plugin v27.4 - https:\/\/yoast.com\/product\/yoast-seo-wordpress\/ -->\n<title>Czechy<\/title>\n<meta name=\"robots\" content=\"index, follow, max-snippet:-1, max-image-preview:large, max-video-preview:-1\" \/>\n<link rel=\"canonical\" href=\"https:\/\/eurowiza.com\/pl\/czech-republic\/\" \/>\n<meta property=\"og:locale\" content=\"pl_PL\" \/>\n<meta property=\"og:locale:alternate\" content=\"en_US\" \/>\n<meta property=\"og:locale:alternate\" content=\"uk\" \/>\n<meta property=\"og:locale:alternate\" content=\"ru_RU\" \/>\n<meta property=\"og:type\" content=\"article\" \/>\n<meta property=\"og:title\" content=\"Czechy\" \/>\n<meta property=\"og:description\" content=\"Czechy to stabilna gospodarka w Europie \u015arodkowej, cz\u0142onek UE i strefy Schengen.Kraj \u0142\u0105czy historyczn\u0105 architektur\u0119, nowoczesn\u0105 infrastruktur\u0119 i logistyk\u0119 dogodn\u0105 dla rynk\u00f3w europejskich.Regionalne o\u015brodki wspieraj\u0105 biznes w technologii, produkcji i us\u0142ugach, ma\u0142e miasta oferuj\u0105 ta\u0144sze \u017cycie. Migracja i Relokacja Dla obywateli WNP to jasna jurysdykcja z formalnymi \u015bcie\u017ckami legalizacji i relokacji.Kluczowe opcje: wiza pracownicza, karta [&hellip;]\" \/>\n<meta property=\"og:url\" content=\"https:\/\/eurowiza.com\/pl\/czech-republic\/\" \/>\n<meta property=\"og:site_name\" content=\"Eurowiza\" \/>\n<meta property=\"article:modified_time\" content=\"2025-10-16T15:29:30+00:00\" \/>\n<meta property=\"og:image\" content=\"https:\/\/eurowiza.com\/wp-content\/uploads\/2025\/10\/Flag_of_the_Czech_Republic.svg.webp\" \/>\n\t<meta property=\"og:image:width\" content=\"250\" \/>\n\t<meta property=\"og:image:height\" content=\"167\" \/>\n\t<meta property=\"og:image:type\" content=\"image\/webp\" \/>\n<meta name=\"twitter:card\" content=\"summary_large_image\" \/>\n<meta name=\"twitter:label1\" content=\"Szacowany czas czytania\" \/>\n\t<meta name=\"twitter:data1\" content=\"2 minuty\" \/>\n<script type=\"application\/ld+json\" class=\"yoast-schema-graph\">{\"@context\":\"https:\\\/\\\/schema.org\",\"@graph\":[{\"@type\":\"WebPage\",\"@id\":\"https:\\\/\\\/eurowiza.com\\\/en\\\/czech-republic\\\/\",\"url\":\"https:\\\/\\\/eurowiza.com\\\/en\\\/czech-republic\\\/\",\"name\":\"Czechy\",\"isPartOf\":{\"@id\":\"https:\\\/\\\/eurowiza.com\\\/#website\"},\"primaryImageOfPage\":{\"@id\":\"https:\\\/\\\/eurowiza.com\\\/en\\\/czech-republic\\\/#primaryimage\"},\"image\":{\"@id\":\"https:\\\/\\\/eurowiza.com\\\/en\\\/czech-republic\\\/#primaryimage\"},\"thumbnailUrl\":\"https:\\\/\\\/eurowiza.com\\\/wp-content\\\/uploads\\\/2025\\\/10\\\/Flag_of_the_Czech_Republic.svg.webp\",\"datePublished\":\"2025-04-23T15:15:21+00:00\",\"dateModified\":\"2025-10-16T15:29:30+00:00\",\"breadcrumb\":{\"@id\":\"https:\\\/\\\/eurowiza.com\\\/en\\\/czech-republic\\\/#breadcrumb\"},\"inLanguage\":\"pl-PL\",\"potentialAction\":[{\"@type\":\"ReadAction\",\"target\":[\"https:\\\/\\\/eurowiza.com\\\/en\\\/czech-republic\\\/\"]}]},{\"@type\":\"ImageObject\",\"inLanguage\":\"pl-PL\",\"@id\":\"https:\\\/\\\/eurowiza.com\\\/en\\\/czech-republic\\\/#primaryimage\",\"url\":\"https:\\\/\\\/eurowiza.com\\\/wp-content\\\/uploads\\\/2025\\\/10\\\/Flag_of_the_Czech_Republic.svg.webp\",\"contentUrl\":\"https:\\\/\\\/eurowiza.com\\\/wp-content\\\/uploads\\\/2025\\\/10\\\/Flag_of_the_Czech_Republic.svg.webp\",\"width\":250,\"height\":167},{\"@type\":\"BreadcrumbList\",\"@id\":\"https:\\\/\\\/eurowiza.com\\\/en\\\/czech-republic\\\/#breadcrumb\",\"itemListElement\":[{\"@type\":\"ListItem\",\"position\":1,\"name\":\"\u0413\u043b\u0430\u0432\u043d\u0430\u044f \u0441\u0442\u0440\u0430\u043d\u0438\u0446\u0430\",\"item\":\"https:\\\/\\\/eurowiza.com\\\/en\\\/\"},{\"@type\":\"ListItem\",\"position\":2,\"name\":\"Czech Republic\"}]},{\"@type\":\"WebSite\",\"@id\":\"https:\\\/\\\/eurowiza.com\\\/#website\",\"url\":\"https:\\\/\\\/eurowiza.com\\\/\",\"name\":\"Eurowiza\",\"description\":\"Zezwolenie na prac\u0119, wiza, praca\",\"potentialAction\":[{\"@type\":\"SearchAction\",\"target\":{\"@type\":\"EntryPoint\",\"urlTemplate\":\"https:\\\/\\\/eurowiza.com\\\/?s={search_term_string}\"},\"query-input\":{\"@type\":\"PropertyValueSpecification\",\"valueRequired\":true,\"valueName\":\"search_term_string\"}}],\"inLanguage\":\"pl-PL\"}]}<\/script>\n<!-- \/ Yoast SEO plugin. -->","yoast_head_json":{"title":"Czechy","robots":{"index":"index","follow":"follow","max-snippet":"max-snippet:-1","max-image-preview":"max-image-preview:large","max-video-preview":"max-video-preview:-1"},"canonical":"https:\/\/eurowiza.com\/pl\/czech-republic\/","og_locale":"pl_PL","og_type":"article","og_title":"[:en]Czech Republic[:uk]\u0427\u0435\u0445\u0456\u044f[:pl]Czechy[:ru]\u0427\u0435\u0445\u0438\u044f[:] - Eurowiza","og_description":"Czechy to stabilna gospodarka w Europie \u015arodkowej, cz\u0142onek UE i strefy Schengen.Kraj \u0142\u0105czy historyczn\u0105 architektur\u0119, nowoczesn\u0105 infrastruktur\u0119 i logistyk\u0119 dogodn\u0105 dla rynk\u00f3w europejskich.Regionalne o\u015brodki wspieraj\u0105 biznes w technologii, produkcji i us\u0142ugach, ma\u0142e miasta oferuj\u0105 ta\u0144sze \u017cycie. Migracja i Relokacja Dla obywateli WNP to jasna jurysdykcja z formalnymi \u015bcie\u017ckami legalizacji i relokacji.Kluczowe opcje: wiza pracownicza, karta [&hellip;]","og_url":"https:\/\/eurowiza.com\/pl\/czech-republic\/","og_site_name":"Eurowiza","article_modified_time":"2025-10-16T15:29:30+00:00","og_image":[{"width":250,"height":167,"url":"https:\/\/eurowiza.com\/wp-content\/uploads\/2025\/10\/Flag_of_the_Czech_Republic.svg.webp","type":"image\/webp"}],"twitter_card":"summary_large_image","twitter_misc":{"Szacowany czas czytania":"2 minuty"},"schema":{"@context":"https:\/\/schema.org","@graph":[{"@type":"WebPage","@id":"https:\/\/eurowiza.com\/en\/czech-republic\/","url":"https:\/\/eurowiza.com\/en\/czech-republic\/","name":"Czechy","isPartOf":{"@id":"https:\/\/eurowiza.com\/#website"},"primaryImageOfPage":{"@id":"https:\/\/eurowiza.com\/en\/czech-republic\/#primaryimage"},"image":{"@id":"https:\/\/eurowiza.com\/en\/czech-republic\/#primaryimage"},"thumbnailUrl":"https:\/\/eurowiza.com\/wp-content\/uploads\/2025\/10\/Flag_of_the_Czech_Republic.svg.webp","datePublished":"2025-04-23T15:15:21+00:00","dateModified":"2025-10-16T15:29:30+00:00","breadcrumb":{"@id":"https:\/\/eurowiza.com\/en\/czech-republic\/#breadcrumb"},"inLanguage":"pl-PL","potentialAction":[{"@type":"ReadAction","target":["https:\/\/eurowiza.com\/en\/czech-republic\/"]}]},{"@type":"ImageObject","inLanguage":"pl-PL","@id":"https:\/\/eurowiza.com\/en\/czech-republic\/#primaryimage","url":"https:\/\/eurowiza.com\/wp-content\/uploads\/2025\/10\/Flag_of_the_Czech_Republic.svg.webp","contentUrl":"https:\/\/eurowiza.com\/wp-content\/uploads\/2025\/10\/Flag_of_the_Czech_Republic.svg.webp","width":250,"height":167},{"@type":"BreadcrumbList","@id":"https:\/\/eurowiza.com\/en\/czech-republic\/#breadcrumb","itemListElement":[{"@type":"ListItem","position":1,"name":"\u0413\u043b\u0430\u0432\u043d\u0430\u044f \u0441\u0442\u0440\u0430\u043d\u0438\u0446\u0430","item":"https:\/\/eurowiza.com\/en\/"},{"@type":"ListItem","position":2,"name":"Czech Republic"}]},{"@type":"WebSite","@id":"https:\/\/eurowiza.com\/#website","url":"https:\/\/eurowiza.com\/","name":"Eurowiza","description":"Zezwolenie na prac\u0119, wiza, praca","potentialAction":[{"@type":"SearchAction","target":{"@type":"EntryPoint","urlTemplate":"https:\/\/eurowiza.com\/?s={search_term_string}"},"query-input":{"@type":"PropertyValueSpecification","valueRequired":true,"valueName":"search_term_string"}}],"inLanguage":"pl-PL"}]}},"_links":{"self":[{"href":"https:\/\/eurowiza.com\/pl\/wp-json\/wp\/v2\/pages\/109","targetHints":{"allow":["GET"]}}],"collection":[{"href":"https:\/\/eurowiza.com\/pl\/wp-json\/wp\/v2\/pages"}],"about":[{"href":"https:\/\/eurowiza.com\/pl\/wp-json\/wp\/v2\/types\/page"}],"author":[{"embeddable":true,"href":"https:\/\/eurowiza.com\/pl\/wp-json\/wp\/v2\/users\/1"}],"replies":[{"embeddable":true,"href":"https:\/\/eurowiza.com\/pl\/wp-json\/wp\/v2\/comments?post=109"}],"version-history":[{"count":17,"href":"https:\/\/eurowiza.com\/pl\/wp-json\/wp\/v2\/pages\/109\/revisions"}],"predecessor-version":[{"id":3306,"href":"https:\/\/eurowiza.com\/pl\/wp-json\/wp\/v2\/pages\/109\/revisions\/3306"}],"wp:featuredmedia":[{"embeddable":true,"href":"https:\/\/eurowiza.com\/pl\/wp-json\/wp\/v2\/media\/3305"}],"wp:attachment":[{"href":"https:\/\/eurowiza.com\/pl\/wp-json\/wp\/v2\/media?parent=109"}],"curies":[{"name":"wp","href":"https:\/\/api.w.org\/{rel}","templated":true}]}}