{"id":2,"date":"2025-04-14T17:38:18","date_gmt":"2025-04-14T14:38:18","guid":{"rendered":"https:\/\/eurowiza.com\/?page_id=2"},"modified":"2025-10-16T18:00:17","modified_gmt":"2025-10-16T15:00:17","slug":"home","status":"publish","type":"page","link":"https:\/\/eurowiza.com\/pl\/","title":{"rendered":"G\u0142\u00f3wna"},"content":{"rendered":"\n<p>Jeste\u015bmy niezawodnym partnerem dla os\u00f3b, kt\u00f3re chc\u0105 uzyska\u0107 wiz\u0119 i znale\u017a\u0107 legaln\u0105 prac\u0119 za granic\u0105. Towarzyszymy naszym klientom na ka\u017cdym etapie: od pierwszej konsultacji i przygotowania dokument\u00f3w \u2014 a\u017c po uzyskanie wizy, przeprowadzk\u0119 i rozpocz\u0119cie pracy. Sprawiamy, \u017ce to, co skomplikowane, staje si\u0119 proste i zrozumia\u0142e.<\/p>\n\n\n\n<p>\ud83d\udd39 <strong>Us\u0142ugi kompleksowe<\/strong><br>Za\u0142atwiamy wizy, przygotowujemy oficjalne zaproszenia, pomagamy w znalezieniu pracy, wype\u0142niamy formularze, doradzamy i wspieramy na ka\u017cdym kroku.<\/p>\n\n\n\n<p>\ud83d\udd39 <strong>Sprawdzeni partnerzy<\/strong><br>Wsp\u00f3\u0142pracujemy wy\u0142\u0105cznie z rzetelnymi pracodawcami i instytucjami edukacyjnymi w Polsce i innych krajach. Gwarantujemy legalno\u015b\u0107 i przejrzysto\u015b\u0107 wszystkich ofert.<\/p>\n\n\n\n<p>\ud83d\udd39 <strong>Uczciwe warunki<\/strong><br>Sta\u0142e ceny, oficjalne umowy, brak ukrytych op\u0142at. Zawsze omawiamy wszystkie szczeg\u00f3\u0142y z wyprzedzeniem.<\/p>\n\n\n\n<p>\ud83d\udd39 <strong>Wygodny serwis online<\/strong><br>Dzia\u0142amy zdalnie \u2014 mo\u017cesz skorzysta\u0107 z naszych us\u0142ug z dowolnego miejsca na \u015bwiecie, bez wychodzenia z domu.<\/p>\n\n\n\n<p>\ud83d\udd39 <strong>Zawsze w kontakcie<\/strong><br>Reagujemy szybko, odpowiadamy na pytania i pomagamy rozwi\u0105za\u0107 wszelkie trudno\u015bci a\u017c do pe\u0142nego zako\u0144czenia procesu.<\/p>\n\n\n\n<p>Cenimy Tw\u00f3j czas, d\u0105\u017cymy do rezultat\u00f3w i pracujemy na zaufanie. Z nami pewnie zmierzasz do swojego celu!<\/p>\n","protected":false},"excerpt":{"rendered":"<p>Jeste\u015bmy niezawodnym partnerem dla os\u00f3b, kt\u00f3re chc\u0105 uzyska\u0107 wiz\u0119 i znale\u017a\u0107 legaln\u0105 prac\u0119 za granic\u0105. Towarzyszymy naszym klientom na ka\u017cdym etapie: od pierwszej konsultacji i przygotowania dokument\u00f3w \u2014 a\u017c po uzyskanie wizy, przeprowadzk\u0119 i rozpocz\u0119cie pracy. Sprawiamy, \u017ce to, co skomplikowane, staje si\u0119 proste i zrozumia\u0142e. \ud83d\udd39 Us\u0142ugi kompleksoweZa\u0142atwiamy wizy, przygotowujemy oficjalne zaproszenia, pomagamy w [&hellip;]<\/p>\n","protected":false},"author":1,"featured_media":0,"parent":0,"menu_order":21,"comment_status":"closed","ping_status":"closed","template":"","meta":{"_acf_changed":false,"footnotes":""},"class_list":["post-2","page","type-page","status-publish","hentry"],"acf":[],"yoast_head":"<!-- This site is optimized with the Yoast SEO plugin v27.4 - https:\/\/yoast.com\/product\/yoast-seo-wordpress\/ -->\n<title>G\u0142\u00f3wna<\/title>\n<meta name=\"robots\" content=\"index, follow, max-snippet:-1, max-image-preview:large, max-video-preview:-1\" \/>\n<link rel=\"canonical\" href=\"https:\/\/eurowiza.com\/pl\/\" \/>\n<meta property=\"og:locale\" content=\"pl_PL\" \/>\n<meta property=\"og:locale:alternate\" content=\"en_US\" \/>\n<meta property=\"og:locale:alternate\" content=\"uk\" \/>\n<meta property=\"og:locale:alternate\" content=\"ru_RU\" \/>\n<meta property=\"og:type\" content=\"article\" \/>\n<meta property=\"og:title\" content=\"G\u0142\u00f3wna\" \/>\n<meta property=\"og:description\" content=\"Jeste\u015bmy niezawodnym partnerem dla os\u00f3b, kt\u00f3re chc\u0105 uzyska\u0107 wiz\u0119 i znale\u017a\u0107 legaln\u0105 prac\u0119 za granic\u0105. Towarzyszymy naszym klientom na ka\u017cdym etapie: od pierwszej konsultacji i przygotowania dokument\u00f3w \u2014 a\u017c po uzyskanie wizy, przeprowadzk\u0119 i rozpocz\u0119cie pracy. Sprawiamy, \u017ce to, co skomplikowane, staje si\u0119 proste i zrozumia\u0142e. \ud83d\udd39 Us\u0142ugi kompleksoweZa\u0142atwiamy wizy, przygotowujemy oficjalne zaproszenia, pomagamy w [&hellip;]\" \/>\n<meta property=\"og:url\" content=\"https:\/\/eurowiza.com\/pl\/\" \/>\n<meta property=\"og:site_name\" content=\"Eurowiza\" \/>\n<meta property=\"article:modified_time\" content=\"2025-10-16T15:00:17+00:00\" \/>\n<meta name=\"twitter:card\" content=\"summary_large_image\" \/>\n<meta name=\"twitter:label1\" content=\"Szacowany czas czytania\" \/>\n\t<meta name=\"twitter:data1\" content=\"1 minuta\" \/>\n<script type=\"application\/ld+json\" class=\"yoast-schema-graph\">{\"@context\":\"https:\\\/\\\/schema.org\",\"@graph\":[{\"@type\":\"WebPage\",\"@id\":\"https:\\\/\\\/eurowiza.com\\\/en\\\/\",\"url\":\"https:\\\/\\\/eurowiza.com\\\/en\\\/\",\"name\":\"G\u0142\u00f3wna\",\"isPartOf\":{\"@id\":\"https:\\\/\\\/eurowiza.com\\\/#website\"},\"datePublished\":\"2025-04-14T14:38:18+00:00\",\"dateModified\":\"2025-10-16T15:00:17+00:00\",\"breadcrumb\":{\"@id\":\"https:\\\/\\\/eurowiza.com\\\/en\\\/#breadcrumb\"},\"inLanguage\":\"pl-PL\",\"potentialAction\":[{\"@type\":\"ReadAction\",\"target\":[\"https:\\\/\\\/eurowiza.com\\\/en\\\/\"]}]},{\"@type\":\"BreadcrumbList\",\"@id\":\"https:\\\/\\\/eurowiza.com\\\/en\\\/#breadcrumb\",\"itemListElement\":[{\"@type\":\"ListItem\",\"position\":1,\"name\":\"\u0413\u043b\u0430\u0432\u043d\u0430\u044f \u0441\u0442\u0440\u0430\u043d\u0438\u0446\u0430\",\"item\":\"https:\\\/\\\/eurowiza.com\\\/en\\\/\"},{\"@type\":\"ListItem\",\"position\":2,\"name\":\"Home\"}]},{\"@type\":\"WebSite\",\"@id\":\"https:\\\/\\\/eurowiza.com\\\/#website\",\"url\":\"https:\\\/\\\/eurowiza.com\\\/\",\"name\":\"Eurowiza\",\"description\":\"Zezwolenie na prac\u0119, wiza, praca\",\"potentialAction\":[{\"@type\":\"SearchAction\",\"target\":{\"@type\":\"EntryPoint\",\"urlTemplate\":\"https:\\\/\\\/eurowiza.com\\\/?s={search_term_string}\"},\"query-input\":{\"@type\":\"PropertyValueSpecification\",\"valueRequired\":true,\"valueName\":\"search_term_string\"}}],\"inLanguage\":\"pl-PL\"}]}<\/script>\n<!-- \/ Yoast SEO plugin. -->","yoast_head_json":{"title":"G\u0142\u00f3wna","robots":{"index":"index","follow":"follow","max-snippet":"max-snippet:-1","max-image-preview":"max-image-preview:large","max-video-preview":"max-video-preview:-1"},"canonical":"https:\/\/eurowiza.com\/pl\/","og_locale":"pl_PL","og_type":"article","og_title":"[:en]Home[:uk]\u0413\u043e\u043b\u043e\u0432\u043d\u0430[:pl]G\u0142\u00f3wna[:ru]\u0413\u043b\u0430\u0432\u043d\u0430\u044f[:] - Eurowiza","og_description":"Jeste\u015bmy niezawodnym partnerem dla os\u00f3b, kt\u00f3re chc\u0105 uzyska\u0107 wiz\u0119 i znale\u017a\u0107 legaln\u0105 prac\u0119 za granic\u0105. Towarzyszymy naszym klientom na ka\u017cdym etapie: od pierwszej konsultacji i przygotowania dokument\u00f3w \u2014 a\u017c po uzyskanie wizy, przeprowadzk\u0119 i rozpocz\u0119cie pracy. Sprawiamy, \u017ce to, co skomplikowane, staje si\u0119 proste i zrozumia\u0142e. \ud83d\udd39 Us\u0142ugi kompleksoweZa\u0142atwiamy wizy, przygotowujemy oficjalne zaproszenia, pomagamy w [&hellip;]","og_url":"https:\/\/eurowiza.com\/pl\/","og_site_name":"Eurowiza","article_modified_time":"2025-10-16T15:00:17+00:00","twitter_card":"summary_large_image","twitter_misc":{"Szacowany czas czytania":"1 minuta"},"schema":{"@context":"https:\/\/schema.org","@graph":[{"@type":"WebPage","@id":"https:\/\/eurowiza.com\/en\/","url":"https:\/\/eurowiza.com\/en\/","name":"G\u0142\u00f3wna","isPartOf":{"@id":"https:\/\/eurowiza.com\/#website"},"datePublished":"2025-04-14T14:38:18+00:00","dateModified":"2025-10-16T15:00:17+00:00","breadcrumb":{"@id":"https:\/\/eurowiza.com\/en\/#breadcrumb"},"inLanguage":"pl-PL","potentialAction":[{"@type":"ReadAction","target":["https:\/\/eurowiza.com\/en\/"]}]},{"@type":"BreadcrumbList","@id":"https:\/\/eurowiza.com\/en\/#breadcrumb","itemListElement":[{"@type":"ListItem","position":1,"name":"\u0413\u043b\u0430\u0432\u043d\u0430\u044f \u0441\u0442\u0440\u0430\u043d\u0438\u0446\u0430","item":"https:\/\/eurowiza.com\/en\/"},{"@type":"ListItem","position":2,"name":"Home"}]},{"@type":"WebSite","@id":"https:\/\/eurowiza.com\/#website","url":"https:\/\/eurowiza.com\/","name":"Eurowiza","description":"Zezwolenie na prac\u0119, wiza, praca","potentialAction":[{"@type":"SearchAction","target":{"@type":"EntryPoint","urlTemplate":"https:\/\/eurowiza.com\/?s={search_term_string}"},"query-input":{"@type":"PropertyValueSpecification","valueRequired":true,"valueName":"search_term_string"}}],"inLanguage":"pl-PL"}]}},"_links":{"self":[{"href":"https:\/\/eurowiza.com\/pl\/wp-json\/wp\/v2\/pages\/2","targetHints":{"allow":["GET"]}}],"collection":[{"href":"https:\/\/eurowiza.com\/pl\/wp-json\/wp\/v2\/pages"}],"about":[{"href":"https:\/\/eurowiza.com\/pl\/wp-json\/wp\/v2\/types\/page"}],"author":[{"embeddable":true,"href":"https:\/\/eurowiza.com\/pl\/wp-json\/wp\/v2\/users\/1"}],"replies":[{"embeddable":true,"href":"https:\/\/eurowiza.com\/pl\/wp-json\/wp\/v2\/comments?post=2"}],"version-history":[{"count":26,"href":"https:\/\/eurowiza.com\/pl\/wp-json\/wp\/v2\/pages\/2\/revisions"}],"predecessor-version":[{"id":1044,"href":"https:\/\/eurowiza.com\/pl\/wp-json\/wp\/v2\/pages\/2\/revisions\/1044"}],"wp:attachment":[{"href":"https:\/\/eurowiza.com\/pl\/wp-json\/wp\/v2\/media?parent=2"}],"curies":[{"name":"wp","href":"https:\/\/api.w.org\/{rel}","templated":true}]}}