{"id":2514,"date":"2025-09-30T17:34:43","date_gmt":"2025-09-30T14:34:43","guid":{"rendered":"https:\/\/eurowiza.com\/en\/?page_id=2514"},"modified":"2026-02-05T14:00:39","modified_gmt":"2026-02-05T11:00:39","slug":"seasonal-invitation-to-poland","status":"publish","type":"page","link":"https:\/\/eurowiza.com\/pl\/seasonal-invitation-to-poland\/","title":{"rendered":"Zaproszenie sezonowe do Polski"},"content":{"rendered":"\n<p><strong>Za\u015bwiadczenie (do 9 miesi\u0119cy)<\/strong><\/p>\n\n\n\n<p><strong>Co to jest:<\/strong> dokument, na podstawie kt\u00f3rego wyrabia si\u0119 krajow\u0105 wiz\u0119 <strong>D\/05b<\/strong> na prace sezonowe. Wydawany po rejestracji oferty przez pracodawc\u0119 w <strong>PUP (Powiatowy Urz\u0105d Pracy)<\/strong> i potwierdzany piecz\u0119ci\u0105 <strong>starosty<\/strong>.<\/p>\n\n\n\n<p><strong>Co uznaje si\u0119 za prac\u0119 sezonow\u0105:<\/strong> rolnictwo (np. zbi\u00f3r truskawek\/jab\u0142ek), ogrodnictwo\/hodowla, le\u015bnictwo i rybo\u0142\u00f3wstwo, turystyka oraz sektor hotelarsko-gastronomiczny (HoReCa).<\/p>\n\n\n\n<p><strong>Wa\u017cne:<\/strong> firmy kieruj\u0105ce pracownik\u00f3w do fabryk i magazyn\u00f3w <strong>nie mog\u0105<\/strong> wystawia\u0107 tego typu zaprosze\u0144.<\/p>\n\n\n\n<p><strong>Kto sk\u0142ada wniosek:<\/strong> polski pracodawca sk\u0142ada wniosek do <strong>PUP<\/strong>; po rejestracji otrzymujesz <strong>za\u015bwiadczenie<\/strong> i sk\u0142adasz wniosek o wiz\u0119.<\/p>\n\n\n\n<p><strong>Ograniczenie kalendarzowe:<\/strong> wa\u017cne <strong>w ramach bie\u017c\u0105cego roku kalendarzowego<\/strong>.<\/p>\n\n\n\n<ul class=\"wp-block-list\">\n<li>Z\u0142o\u017cone w <strong>styczniu<\/strong> \u2192 zazwyczaj pe\u0142ne <strong>9 miesi\u0119cy<\/strong>.<\/li>\n\n\n\n<li>Z\u0142o\u017cone w <strong>lipcu<\/strong> \u2192 wa\u017cne do <strong>31 grudnia<\/strong> (ok. <strong>6 miesi\u0119cy<\/strong>).<\/li>\n\n\n\n<li>Pe\u0142ne <strong>9 miesi\u0119cy<\/strong> ponownie dost\u0119pne od <strong>pa\u017adziernika<\/strong> (sk\u0142adaj od po\u0142owy pa\u017adziernika).<\/li>\n<\/ul>\n\n\n\n<p><strong>Terminy:<\/strong> <strong>PUP \u2014 7\u201314 dni roboczych<\/strong> (zale\u017cnie od ob\u0142o\u017cenia); wiza konsularna \u2014 ok. <strong>14 dni roboczych<\/strong> od z\u0142o\u017cenia kompletnego wniosku.<\/p>\n\n\n\n<p><\/p>\n\n\n\n<p><\/p>\n","protected":false},"excerpt":{"rendered":"<p>Za\u015bwiadczenie (do 9 miesi\u0119cy) Co to jest: dokument, na podstawie kt\u00f3rego wyrabia si\u0119 krajow\u0105 wiz\u0119 D\/05b na prace sezonowe. Wydawany po rejestracji oferty przez pracodawc\u0119 w PUP (Powiatowy Urz\u0105d Pracy) i potwierdzany piecz\u0119ci\u0105 starosty. Co uznaje si\u0119 za prac\u0119 sezonow\u0105: rolnictwo (np. zbi\u00f3r truskawek\/jab\u0142ek), ogrodnictwo\/hodowla, le\u015bnictwo i rybo\u0142\u00f3wstwo, turystyka oraz sektor hotelarsko-gastronomiczny (HoReCa). Wa\u017cne: firmy [&hellip;]<\/p>\n","protected":false},"author":1,"featured_media":0,"parent":0,"menu_order":6,"comment_status":"closed","ping_status":"closed","template":"","meta":{"_acf_changed":false,"footnotes":""},"class_list":["post-2514","page","type-page","status-publish","hentry"],"acf":[],"yoast_head":"<!-- This site is optimized with the Yoast SEO plugin v27.4 - https:\/\/yoast.com\/product\/yoast-seo-wordpress\/ -->\n<title>Zaproszenie sezonowe do Polski<\/title>\n<meta name=\"robots\" content=\"index, follow, max-snippet:-1, max-image-preview:large, max-video-preview:-1\" \/>\n<link rel=\"canonical\" href=\"https:\/\/eurowiza.com\/pl\/seasonal-invitation-to-poland\/\" \/>\n<meta property=\"og:locale\" content=\"pl_PL\" \/>\n<meta property=\"og:locale:alternate\" content=\"en_US\" \/>\n<meta property=\"og:locale:alternate\" content=\"uk\" \/>\n<meta property=\"og:locale:alternate\" content=\"ru_RU\" \/>\n<meta property=\"og:type\" content=\"article\" \/>\n<meta property=\"og:title\" content=\"Zaproszenie sezonowe do Polski\" \/>\n<meta property=\"og:description\" content=\"Za\u015bwiadczenie (do 9 miesi\u0119cy) Co to jest: dokument, na podstawie kt\u00f3rego wyrabia si\u0119 krajow\u0105 wiz\u0119 D\/05b na prace sezonowe. Wydawany po rejestracji oferty przez pracodawc\u0119 w PUP (Powiatowy Urz\u0105d Pracy) i potwierdzany piecz\u0119ci\u0105 starosty. Co uznaje si\u0119 za prac\u0119 sezonow\u0105: rolnictwo (np. zbi\u00f3r truskawek\/jab\u0142ek), ogrodnictwo\/hodowla, le\u015bnictwo i rybo\u0142\u00f3wstwo, turystyka oraz sektor hotelarsko-gastronomiczny (HoReCa). Wa\u017cne: firmy [&hellip;]\" \/>\n<meta property=\"og:url\" content=\"https:\/\/eurowiza.com\/pl\/seasonal-invitation-to-poland\/\" \/>\n<meta property=\"og:site_name\" content=\"Eurowiza\" \/>\n<meta property=\"article:modified_time\" content=\"2026-02-05T11:00:39+00:00\" \/>\n<meta name=\"twitter:card\" content=\"summary_large_image\" \/>\n<meta name=\"twitter:label1\" content=\"Szacowany czas czytania\" \/>\n\t<meta name=\"twitter:data1\" content=\"1 minuta\" \/>\n<script type=\"application\/ld+json\" class=\"yoast-schema-graph\">{\"@context\":\"https:\\\/\\\/schema.org\",\"@graph\":[{\"@type\":\"WebPage\",\"@id\":\"https:\\\/\\\/eurowiza.com\\\/uk\\\/seasonal-invitation-to-poland\\\/\",\"url\":\"https:\\\/\\\/eurowiza.com\\\/uk\\\/seasonal-invitation-to-poland\\\/\",\"name\":\"Zaproszenie sezonowe do Polski\",\"isPartOf\":{\"@id\":\"https:\\\/\\\/eurowiza.com\\\/#website\"},\"datePublished\":\"2025-09-30T14:34:43+00:00\",\"dateModified\":\"2026-02-05T11:00:39+00:00\",\"breadcrumb\":{\"@id\":\"https:\\\/\\\/eurowiza.com\\\/uk\\\/seasonal-invitation-to-poland\\\/#breadcrumb\"},\"inLanguage\":\"pl-PL\",\"potentialAction\":[{\"@type\":\"ReadAction\",\"target\":[\"https:\\\/\\\/eurowiza.com\\\/uk\\\/seasonal-invitation-to-poland\\\/\"]}]},{\"@type\":\"BreadcrumbList\",\"@id\":\"https:\\\/\\\/eurowiza.com\\\/uk\\\/seasonal-invitation-to-poland\\\/#breadcrumb\",\"itemListElement\":[{\"@type\":\"ListItem\",\"position\":1,\"name\":\"\u0413\u043b\u0430\u0432\u043d\u0430\u044f \u0441\u0442\u0440\u0430\u043d\u0438\u0446\u0430\",\"item\":\"https:\\\/\\\/eurowiza.com\\\/en\\\/\"},{\"@type\":\"ListItem\",\"position\":2,\"name\":\"\u0421\u0435\u0437\u043e\u043d\u043d\u0435 \u0437\u0430\u043f\u0440\u043e\u0448\u0435\u043d\u043d\u044f \u0434\u043e \u041f\u043e\u043b\u044c\u0449\u0456\"}]},{\"@type\":\"WebSite\",\"@id\":\"https:\\\/\\\/eurowiza.com\\\/#website\",\"url\":\"https:\\\/\\\/eurowiza.com\\\/\",\"name\":\"Eurowiza\",\"description\":\"Zezwolenie na prac\u0119, wiza, praca\",\"potentialAction\":[{\"@type\":\"SearchAction\",\"target\":{\"@type\":\"EntryPoint\",\"urlTemplate\":\"https:\\\/\\\/eurowiza.com\\\/?s={search_term_string}\"},\"query-input\":{\"@type\":\"PropertyValueSpecification\",\"valueRequired\":true,\"valueName\":\"search_term_string\"}}],\"inLanguage\":\"pl-PL\"}]}<\/script>\n<!-- \/ Yoast SEO plugin. -->","yoast_head_json":{"title":"Zaproszenie sezonowe do Polski","robots":{"index":"index","follow":"follow","max-snippet":"max-snippet:-1","max-image-preview":"max-image-preview:large","max-video-preview":"max-video-preview:-1"},"canonical":"https:\/\/eurowiza.com\/pl\/seasonal-invitation-to-poland\/","og_locale":"pl_PL","og_type":"article","og_title":"[:en]Seasonal Invitation to Poland[:uk]\u0421\u0435\u0437\u043e\u043d\u043d\u0435 \u0437\u0430\u043f\u0440\u043e\u0448\u0435\u043d\u043d\u044f \u0434\u043e \u041f\u043e\u043b\u044c\u0449\u0456[:pl]Zaproszenie sezonowe do Polski[:ru]\u0421\u0435\u0437\u043e\u043d\u043d\u043e\u0435 \u043f\u0440\u0438\u0433\u043b\u0430\u0448\u0435\u043d\u0438\u0435 \u0432 \u041f\u043e\u043b\u044c\u0448\u0443[:] - Eurowiza","og_description":"Za\u015bwiadczenie (do 9 miesi\u0119cy) Co to jest: dokument, na podstawie kt\u00f3rego wyrabia si\u0119 krajow\u0105 wiz\u0119 D\/05b na prace sezonowe. Wydawany po rejestracji oferty przez pracodawc\u0119 w PUP (Powiatowy Urz\u0105d Pracy) i potwierdzany piecz\u0119ci\u0105 starosty. Co uznaje si\u0119 za prac\u0119 sezonow\u0105: rolnictwo (np. zbi\u00f3r truskawek\/jab\u0142ek), ogrodnictwo\/hodowla, le\u015bnictwo i rybo\u0142\u00f3wstwo, turystyka oraz sektor hotelarsko-gastronomiczny (HoReCa). Wa\u017cne: firmy [&hellip;]","og_url":"https:\/\/eurowiza.com\/pl\/seasonal-invitation-to-poland\/","og_site_name":"Eurowiza","article_modified_time":"2026-02-05T11:00:39+00:00","twitter_card":"summary_large_image","twitter_misc":{"Szacowany czas czytania":"1 minuta"},"schema":{"@context":"https:\/\/schema.org","@graph":[{"@type":"WebPage","@id":"https:\/\/eurowiza.com\/uk\/seasonal-invitation-to-poland\/","url":"https:\/\/eurowiza.com\/uk\/seasonal-invitation-to-poland\/","name":"Zaproszenie sezonowe do Polski","isPartOf":{"@id":"https:\/\/eurowiza.com\/#website"},"datePublished":"2025-09-30T14:34:43+00:00","dateModified":"2026-02-05T11:00:39+00:00","breadcrumb":{"@id":"https:\/\/eurowiza.com\/uk\/seasonal-invitation-to-poland\/#breadcrumb"},"inLanguage":"pl-PL","potentialAction":[{"@type":"ReadAction","target":["https:\/\/eurowiza.com\/uk\/seasonal-invitation-to-poland\/"]}]},{"@type":"BreadcrumbList","@id":"https:\/\/eurowiza.com\/uk\/seasonal-invitation-to-poland\/#breadcrumb","itemListElement":[{"@type":"ListItem","position":1,"name":"\u0413\u043b\u0430\u0432\u043d\u0430\u044f \u0441\u0442\u0440\u0430\u043d\u0438\u0446\u0430","item":"https:\/\/eurowiza.com\/en\/"},{"@type":"ListItem","position":2,"name":"\u0421\u0435\u0437\u043e\u043d\u043d\u0435 \u0437\u0430\u043f\u0440\u043e\u0448\u0435\u043d\u043d\u044f \u0434\u043e \u041f\u043e\u043b\u044c\u0449\u0456"}]},{"@type":"WebSite","@id":"https:\/\/eurowiza.com\/#website","url":"https:\/\/eurowiza.com\/","name":"Eurowiza","description":"Zezwolenie na prac\u0119, wiza, praca","potentialAction":[{"@type":"SearchAction","target":{"@type":"EntryPoint","urlTemplate":"https:\/\/eurowiza.com\/?s={search_term_string}"},"query-input":{"@type":"PropertyValueSpecification","valueRequired":true,"valueName":"search_term_string"}}],"inLanguage":"pl-PL"}]}},"_links":{"self":[{"href":"https:\/\/eurowiza.com\/pl\/wp-json\/wp\/v2\/pages\/2514","targetHints":{"allow":["GET"]}}],"collection":[{"href":"https:\/\/eurowiza.com\/pl\/wp-json\/wp\/v2\/pages"}],"about":[{"href":"https:\/\/eurowiza.com\/pl\/wp-json\/wp\/v2\/types\/page"}],"author":[{"embeddable":true,"href":"https:\/\/eurowiza.com\/pl\/wp-json\/wp\/v2\/users\/1"}],"replies":[{"embeddable":true,"href":"https:\/\/eurowiza.com\/pl\/wp-json\/wp\/v2\/comments?post=2514"}],"version-history":[{"count":10,"href":"https:\/\/eurowiza.com\/pl\/wp-json\/wp\/v2\/pages\/2514\/revisions"}],"predecessor-version":[{"id":4734,"href":"https:\/\/eurowiza.com\/pl\/wp-json\/wp\/v2\/pages\/2514\/revisions\/4734"}],"wp:attachment":[{"href":"https:\/\/eurowiza.com\/pl\/wp-json\/wp\/v2\/media?parent=2514"}],"curies":[{"name":"wp","href":"https:\/\/api.w.org\/{rel}","templated":true}]}}