{"id":2915,"date":"2025-10-03T17:26:57","date_gmt":"2025-10-03T14:26:57","guid":{"rendered":"https:\/\/eurowiza.com\/ru\/?page_id=2915"},"modified":"2026-02-05T13:54:18","modified_gmt":"2026-02-05T10:54:18","slug":"voivodeship-visa-for-36-months-work-permit-from-a-transport-company","status":"publish","type":"page","link":"https:\/\/eurowiza.com\/pl\/voivodeship-visa-for-36-months-work-permit-from-a-transport-company\/","title":{"rendered":"Wiza wojew\u00f3dzka na 36 miesi\u0119cy (zezwolenie na prac\u0119 od firmy transportowej)"},"content":{"rendered":"\n<p><strong>Wiza wojew\u00f3dzka typu D<\/strong> to krajowa wiza pracownicza, kt\u00f3ra umo\u017cliwia legalne \u017cycie i prac\u0119 w Polsce przez d\u0142u\u017cszy okres \u2014 do <strong>36 miesi\u0119cy<\/strong>.<\/p>\n\n\n\n<p>Jest wydawana na podstawie <strong>zezwolenia na prac\u0119 (Zezwolenie na prac\u0119 typ A)<\/strong>, kt\u00f3re przygotowuje <strong>Urz\u0105d Wojew\u00f3dzki<\/strong> na wniosek polskiego pracodawcy.<\/p>\n\n\n\n<p>Dokument dok\u0142adnie okre\u015bla pracodawc\u0119, stanowisko, okres oraz warunki zatrudnienia. Zmiana pracodawcy bez nowego zezwolenia nie jest mo\u017cliwa.<\/p>\n\n\n\n<p>Najcz\u0119\u015bciej taka wiza jest potrzebna <strong>kierowcom mi\u0119dzynarodowym (kategorie C\/CE)<\/strong>, ale mo\u017ce by\u0107 r\u00f3wnie\u017c stosowana przez innych specjalist\u00f3w, je\u015bli pracodawca wymaga d\u0142ugoterminowego zezwolenia.<\/p>\n\n\n\n<hr class=\"wp-block-separator has-alpha-channel-opacity\"\/>\n\n\n\n<h3 class=\"wp-block-heading\"><strong>Dla kogo<\/strong><\/h3>\n\n\n\n<ul class=\"wp-block-list\">\n<li>\u2022 Kierowcy samochod\u00f3w ci\u0119\u017carowych i ci\u0105gnik\u00f3w siod\u0142owych (kategorie C\/CE).<\/li>\n\n\n\n<li>\u2022 Kandydaci poszukuj\u0105cy stabilnej i d\u0142ugoterminowej pracy w Polsce.<\/li>\n\n\n\n<li>\u2022 Pracownicy, kt\u00f3rzy chc\u0105 rozwija\u0107 karier\u0119 w bran\u017cy transportowej.<\/li>\n<\/ul>\n\n\n\n<hr class=\"wp-block-separator has-alpha-channel-opacity\"\/>\n\n\n\n<h3 class=\"wp-block-heading\"><strong>Dokumenty od pracodawcy<\/strong><\/h3>\n\n\n\n<ul class=\"wp-block-list\">\n<li>Orygina\u0142 zezwolenia na prac\u0119 wydanego przez wojewod\u0119 (do 36 miesi\u0119cy).<\/li>\n\n\n\n<li>Umowa o prac\u0119 lub oferta zatrudnienia.<\/li>\n\n\n\n<li>Dane rejestrowe firmy transportowej (<strong>KRS\/CEIDG, NIP, REGON<\/strong>).<\/li>\n<\/ul>\n\n\n\n<hr class=\"wp-block-separator has-alpha-channel-opacity\"\/>\n\n\n\n<h3 class=\"wp-block-heading\"><strong>Dokumenty od kandydata<\/strong><\/h3>\n\n\n\n<ul class=\"wp-block-list\">\n<li>Paszport wa\u017cny co najmniej <strong>3 lata<\/strong>.<\/li>\n\n\n\n<li>Zdj\u0119cie <strong>3,5\u00d74,5 cm<\/strong>.<\/li>\n\n\n\n<li>Wniosek wizowy typu D.<\/li>\n\n\n\n<li>Ubezpieczenie zdrowotne na ca\u0142y okres wa\u017cno\u015bci wizy .<\/li>\n\n\n\n<li>Potwierdzenie zakwaterowania i \u015brodk\u00f3w finansowych (je\u015bli wymagane przez konsulat).<\/li>\n<\/ul>\n\n\n\n<hr class=\"wp-block-separator has-alpha-channel-opacity\"\/>\n\n\n\n<h3 class=\"wp-block-heading\"><strong>Czas realizacji<\/strong><\/h3>\n\n\n\n<ul class=\"wp-block-list\">\n<li><strong>Zezwolenie na prac\u0119 od wojewody:<\/strong> 6\u201312 tygodni.<\/li>\n\n\n\n<li><strong>Wiza w konsulacie:<\/strong> 2\u20134 tygodnie.<\/li>\n\n\n\n<li><strong>\u0141\u0105czny czas procedury:<\/strong> oko\u0142o 2\u20134 miesi\u0119cy.<\/li>\n<\/ul>\n\n\n\n<hr class=\"wp-block-separator has-alpha-channel-opacity\"\/>\n\n\n\n<h3 class=\"wp-block-heading\"><strong>Najwa\u017cniejsze informacje<\/strong><\/h3>\n\n\n\n<ul class=\"wp-block-list\">\n<li>Wiza jest przypisana do jednego pracodawcy.<\/li>\n\n\n\n<li>Zmiana pracodawcy wymaga nowego zezwolenia.<\/li>\n\n\n\n<li>Maksymalny okres wa\u017cno\u015bci \u2014 <strong>36 miesi\u0119cy<\/strong>, po czym nale\u017cy uzyska\u0107 nowe zezwolenie.<\/li>\n<\/ul>\n","protected":false},"excerpt":{"rendered":"<p>Wiza wojew\u00f3dzka typu D to krajowa wiza pracownicza, kt\u00f3ra umo\u017cliwia legalne \u017cycie i prac\u0119 w Polsce przez d\u0142u\u017cszy okres \u2014 do 36 miesi\u0119cy. Jest wydawana na podstawie zezwolenia na prac\u0119 (Zezwolenie na prac\u0119 typ A), kt\u00f3re przygotowuje Urz\u0105d Wojew\u00f3dzki na wniosek polskiego pracodawcy. Dokument dok\u0142adnie okre\u015bla pracodawc\u0119, stanowisko, okres oraz warunki zatrudnienia. Zmiana pracodawcy bez [&hellip;]<\/p>\n","protected":false},"author":1,"featured_media":0,"parent":0,"menu_order":4,"comment_status":"closed","ping_status":"closed","template":"","meta":{"_acf_changed":false,"footnotes":""},"class_list":["post-2915","page","type-page","status-publish","hentry"],"acf":[],"yoast_head":"<!-- This site is optimized with the Yoast SEO plugin v27.4 - https:\/\/yoast.com\/product\/yoast-seo-wordpress\/ -->\n<title>Wiza wojew\u00f3dzka na 36 miesi\u0119cy (zezwolenie na prac\u0119 od firmy transportowej)<\/title>\n<meta name=\"robots\" content=\"index, follow, max-snippet:-1, max-image-preview:large, max-video-preview:-1\" \/>\n<link rel=\"canonical\" href=\"https:\/\/eurowiza.com\/pl\/voivodeship-visa-for-36-months-work-permit-from-a-transport-company\/\" \/>\n<meta property=\"og:locale\" content=\"pl_PL\" \/>\n<meta property=\"og:locale:alternate\" content=\"en_US\" \/>\n<meta property=\"og:locale:alternate\" content=\"uk\" \/>\n<meta property=\"og:locale:alternate\" content=\"ru_RU\" \/>\n<meta property=\"og:type\" content=\"article\" \/>\n<meta property=\"og:title\" content=\"Wiza wojew\u00f3dzka na 36 miesi\u0119cy (zezwolenie na prac\u0119 od firmy transportowej)\" \/>\n<meta property=\"og:description\" content=\"Wiza wojew\u00f3dzka typu D to krajowa wiza pracownicza, kt\u00f3ra umo\u017cliwia legalne \u017cycie i prac\u0119 w Polsce przez d\u0142u\u017cszy okres \u2014 do 36 miesi\u0119cy. Jest wydawana na podstawie zezwolenia na prac\u0119 (Zezwolenie na prac\u0119 typ A), kt\u00f3re przygotowuje Urz\u0105d Wojew\u00f3dzki na wniosek polskiego pracodawcy. Dokument dok\u0142adnie okre\u015bla pracodawc\u0119, stanowisko, okres oraz warunki zatrudnienia. Zmiana pracodawcy bez [&hellip;]\" \/>\n<meta property=\"og:url\" content=\"https:\/\/eurowiza.com\/pl\/voivodeship-visa-for-36-months-work-permit-from-a-transport-company\/\" \/>\n<meta property=\"og:site_name\" content=\"Eurowiza\" \/>\n<meta property=\"article:modified_time\" content=\"2026-02-05T10:54:18+00:00\" \/>\n<meta name=\"twitter:card\" content=\"summary_large_image\" \/>\n<meta name=\"twitter:label1\" content=\"Szacowany czas czytania\" \/>\n\t<meta name=\"twitter:data1\" content=\"2 minuty\" \/>\n<script type=\"application\/ld+json\" class=\"yoast-schema-graph\">{\"@context\":\"https:\\\/\\\/schema.org\",\"@graph\":[{\"@type\":\"WebPage\",\"@id\":\"https:\\\/\\\/eurowiza.com\\\/pl\\\/voivodeship-visa-for-36-months-work-permit-from-a-transport-company\\\/\",\"url\":\"https:\\\/\\\/eurowiza.com\\\/pl\\\/voivodeship-visa-for-36-months-work-permit-from-a-transport-company\\\/\",\"name\":\"Wiza wojew\u00f3dzka na 36 miesi\u0119cy (zezwolenie na prac\u0119 od firmy transportowej)\",\"isPartOf\":{\"@id\":\"https:\\\/\\\/eurowiza.com\\\/#website\"},\"datePublished\":\"2025-10-03T14:26:57+00:00\",\"dateModified\":\"2026-02-05T10:54:18+00:00\",\"breadcrumb\":{\"@id\":\"https:\\\/\\\/eurowiza.com\\\/pl\\\/voivodeship-visa-for-36-months-work-permit-from-a-transport-company\\\/#breadcrumb\"},\"inLanguage\":\"pl-PL\",\"potentialAction\":[{\"@type\":\"ReadAction\",\"target\":[\"https:\\\/\\\/eurowiza.com\\\/pl\\\/voivodeship-visa-for-36-months-work-permit-from-a-transport-company\\\/\"]}]},{\"@type\":\"BreadcrumbList\",\"@id\":\"https:\\\/\\\/eurowiza.com\\\/pl\\\/voivodeship-visa-for-36-months-work-permit-from-a-transport-company\\\/#breadcrumb\",\"itemListElement\":[{\"@type\":\"ListItem\",\"position\":1,\"name\":\"\u0413\u043b\u0430\u0432\u043d\u0430\u044f \u0441\u0442\u0440\u0430\u043d\u0438\u0446\u0430\",\"item\":\"https:\\\/\\\/eurowiza.com\\\/en\\\/\"},{\"@type\":\"ListItem\",\"position\":2,\"name\":\"Wiza wojew\u00f3dzka na 36 miesi\u0119cy (zezwolenie na prac\u0119 od firmy transportowej)\"}]},{\"@type\":\"WebSite\",\"@id\":\"https:\\\/\\\/eurowiza.com\\\/#website\",\"url\":\"https:\\\/\\\/eurowiza.com\\\/\",\"name\":\"Eurowiza\",\"description\":\"Zezwolenie na prac\u0119, wiza, praca\",\"potentialAction\":[{\"@type\":\"SearchAction\",\"target\":{\"@type\":\"EntryPoint\",\"urlTemplate\":\"https:\\\/\\\/eurowiza.com\\\/?s={search_term_string}\"},\"query-input\":{\"@type\":\"PropertyValueSpecification\",\"valueRequired\":true,\"valueName\":\"search_term_string\"}}],\"inLanguage\":\"pl-PL\"}]}<\/script>\n<!-- \/ Yoast SEO plugin. -->","yoast_head_json":{"title":"Wiza wojew\u00f3dzka na 36 miesi\u0119cy (zezwolenie na prac\u0119 od firmy transportowej)","robots":{"index":"index","follow":"follow","max-snippet":"max-snippet:-1","max-image-preview":"max-image-preview:large","max-video-preview":"max-video-preview:-1"},"canonical":"https:\/\/eurowiza.com\/pl\/voivodeship-visa-for-36-months-work-permit-from-a-transport-company\/","og_locale":"pl_PL","og_type":"article","og_title":"[:en]Voivodeship Visa for 36 Months (Work Permit from a Transport Company)[:uk]\u0412\u043e\u0454\u0432\u043e\u0434\u0441\u044c\u043a\u0430 \u0432\u0456\u0437\u0430 \u043d\u0430 36 \u043c\u0456\u0441\u044f\u0446\u0456\u0432 (\u0434\u043e\u0437\u0432\u0456\u043b \u043d\u0430 \u0440\u043e\u0431\u043e\u0442\u0443 \u0432\u0456\u0434 \u0442\u0440\u0430\u043d\u0441\u043f\u043e\u0440\u0442\u043d\u043e\u0457 \u043a\u043e\u043c\u043f\u0430\u043d\u0456\u0457)[:pl]Wiza wojew\u00f3dzka na 36 miesi\u0119cy (zezwolenie na prac\u0119 od firmy transportowej)[:ru]\u0412\u043e\u0435\u0432\u043e\u0434\u0441\u043a\u0430\u044f \u0432\u0438\u0437\u0430 \u043d\u0430 36 \u043c\u0435\u0441\u044f\u0446\u0435\u0432 (\u0440\u0430\u0437\u0440\u0435\u0448\u0435\u043d\u0438\u0435 \u043d\u0430 \u0440\u0430\u0431\u043e\u0442\u0443 \u043e\u0442 \u0442\u0440\u0430\u043d\u0441\u043f\u043e\u0440\u0442\u043d\u043e\u0439 \u043a\u043e\u043c\u043f\u0430\u043d\u0438\u0438)[:] - Eurowiza","og_description":"Wiza wojew\u00f3dzka typu D to krajowa wiza pracownicza, kt\u00f3ra umo\u017cliwia legalne \u017cycie i prac\u0119 w Polsce przez d\u0142u\u017cszy okres \u2014 do 36 miesi\u0119cy. Jest wydawana na podstawie zezwolenia na prac\u0119 (Zezwolenie na prac\u0119 typ A), kt\u00f3re przygotowuje Urz\u0105d Wojew\u00f3dzki na wniosek polskiego pracodawcy. Dokument dok\u0142adnie okre\u015bla pracodawc\u0119, stanowisko, okres oraz warunki zatrudnienia. Zmiana pracodawcy bez [&hellip;]","og_url":"https:\/\/eurowiza.com\/pl\/voivodeship-visa-for-36-months-work-permit-from-a-transport-company\/","og_site_name":"Eurowiza","article_modified_time":"2026-02-05T10:54:18+00:00","twitter_card":"summary_large_image","twitter_misc":{"Szacowany czas czytania":"2 minuty"},"schema":{"@context":"https:\/\/schema.org","@graph":[{"@type":"WebPage","@id":"https:\/\/eurowiza.com\/pl\/voivodeship-visa-for-36-months-work-permit-from-a-transport-company\/","url":"https:\/\/eurowiza.com\/pl\/voivodeship-visa-for-36-months-work-permit-from-a-transport-company\/","name":"Wiza wojew\u00f3dzka na 36 miesi\u0119cy (zezwolenie na prac\u0119 od firmy transportowej)","isPartOf":{"@id":"https:\/\/eurowiza.com\/#website"},"datePublished":"2025-10-03T14:26:57+00:00","dateModified":"2026-02-05T10:54:18+00:00","breadcrumb":{"@id":"https:\/\/eurowiza.com\/pl\/voivodeship-visa-for-36-months-work-permit-from-a-transport-company\/#breadcrumb"},"inLanguage":"pl-PL","potentialAction":[{"@type":"ReadAction","target":["https:\/\/eurowiza.com\/pl\/voivodeship-visa-for-36-months-work-permit-from-a-transport-company\/"]}]},{"@type":"BreadcrumbList","@id":"https:\/\/eurowiza.com\/pl\/voivodeship-visa-for-36-months-work-permit-from-a-transport-company\/#breadcrumb","itemListElement":[{"@type":"ListItem","position":1,"name":"\u0413\u043b\u0430\u0432\u043d\u0430\u044f \u0441\u0442\u0440\u0430\u043d\u0438\u0446\u0430","item":"https:\/\/eurowiza.com\/en\/"},{"@type":"ListItem","position":2,"name":"Wiza wojew\u00f3dzka na 36 miesi\u0119cy (zezwolenie na prac\u0119 od firmy transportowej)"}]},{"@type":"WebSite","@id":"https:\/\/eurowiza.com\/#website","url":"https:\/\/eurowiza.com\/","name":"Eurowiza","description":"Zezwolenie na prac\u0119, wiza, praca","potentialAction":[{"@type":"SearchAction","target":{"@type":"EntryPoint","urlTemplate":"https:\/\/eurowiza.com\/?s={search_term_string}"},"query-input":{"@type":"PropertyValueSpecification","valueRequired":true,"valueName":"search_term_string"}}],"inLanguage":"pl-PL"}]}},"_links":{"self":[{"href":"https:\/\/eurowiza.com\/pl\/wp-json\/wp\/v2\/pages\/2915","targetHints":{"allow":["GET"]}}],"collection":[{"href":"https:\/\/eurowiza.com\/pl\/wp-json\/wp\/v2\/pages"}],"about":[{"href":"https:\/\/eurowiza.com\/pl\/wp-json\/wp\/v2\/types\/page"}],"author":[{"embeddable":true,"href":"https:\/\/eurowiza.com\/pl\/wp-json\/wp\/v2\/users\/1"}],"replies":[{"embeddable":true,"href":"https:\/\/eurowiza.com\/pl\/wp-json\/wp\/v2\/comments?post=2915"}],"version-history":[{"count":11,"href":"https:\/\/eurowiza.com\/pl\/wp-json\/wp\/v2\/pages\/2915\/revisions"}],"predecessor-version":[{"id":4731,"href":"https:\/\/eurowiza.com\/pl\/wp-json\/wp\/v2\/pages\/2915\/revisions\/4731"}],"wp:attachment":[{"href":"https:\/\/eurowiza.com\/pl\/wp-json\/wp\/v2\/media?parent=2915"}],"curies":[{"name":"wp","href":"https:\/\/api.w.org\/{rel}","templated":true}]}}