{"id":3,"date":"2025-04-14T17:38:18","date_gmt":"2025-04-14T14:38:18","guid":{"rendered":"https:\/\/eurowiza.com\/?page_id=3"},"modified":"2025-09-27T22:41:58","modified_gmt":"2025-09-27T19:41:58","slug":"privacy-policy","status":"publish","type":"page","link":"https:\/\/eurowiza.com\/pl\/privacy-policy\/","title":{"rendered":"Polityka prywatno\u015bci serwisu eurowiza.com"},"content":{"rendered":"\n<p>Szanujemy prawo ka\u017cdego u\u017cytkownika do prywatno\u015bci i zobowi\u0105zujemy si\u0119 chroni\u0107 dane osobowe, kt\u00f3re nam przekazujesz. Korzystaj\u0105c z serwisu <strong>eurowiza.com<\/strong>, akceptujesz zasady niniejszej Polityki Prywatno\u015bci.<\/p>\n\n\n\n<h4 class=\"wp-block-heading\">1. Gromadzenie i wykorzystanie danych<\/h4>\n\n\n\n<p>Podczas sk\u0142adania zam\u00f3wienia na us\u0142ugi za po\u015brednictwem strony mo\u017cemy gromadzi\u0107 i przetwarza\u0107 nast\u0119puj\u0105ce dane osobowe:<\/p>\n\n\n\n<ul class=\"wp-block-list\">\n<li>imi\u0119 i nazwisko,<\/li>\n\n\n\n<li>dane kontaktowe (telefon, e-mail, adres),<\/li>\n\n\n\n<li>dane paszportowe i\/lub dane z innych dokument\u00f3w to\u017csamo\u015bci,<\/li>\n\n\n\n<li>inne informacje niezb\u0119dne do realizacji us\u0142ugi.<\/li>\n<\/ul>\n\n\n\n<p>Zebrane dane wykorzystywane s\u0105 wy\u0142\u0105cznie w celu:<\/p>\n\n\n\n<ul class=\"wp-block-list\">\n<li>realizacji zam\u00f3wienia,<\/li>\n\n\n\n<li>\u015bwiadczenia wybranej us\u0142ugi,<\/li>\n\n\n\n<li>przygotowania wymaganych dokument\u00f3w.<\/li>\n<\/ul>\n\n\n\n<h4 class=\"wp-block-heading\">2. Przekazywanie danych podmiotom trzecim<\/h4>\n\n\n\n<p>Twoje dane osobowe mog\u0105 by\u0107 przekazywane <strong>pracodawcy i\/lub odpowiednim organom pa\u0144stwowym<\/strong>, je\u015bli jest to konieczne do sporz\u0105dzenia dokument\u00f3w i rejestracji zgodnie z obowi\u0105zuj\u0105cym prawem.<br>Wszyscy odbiorcy danych zobowi\u0105zani s\u0105 do korzystania z nich wy\u0142\u0105cznie w zakresie realizacji us\u0142ugi.<\/p>\n\n\n\n<h4 class=\"wp-block-heading\">3. Ochrona danych<\/h4>\n\n\n\n<p>Stosujemy niezb\u0119dne \u015brodki organizacyjne i techniczne w celu ochrony danych osobowych przed nieuprawnionym dost\u0119pem, zmian\u0105, ujawnieniem lub zniszczeniem.<\/p>\n\n\n\n<h4 class=\"wp-block-heading\">4. Przechowywanie danych<\/h4>\n\n\n\n<p>Dane przechowywane s\u0105 przez okres niezb\u0119dny do \u015bwiadczenia us\u0142ugi i wype\u0142nienia obowi\u0105zk\u00f3w prawnych. Po tym okresie dane mog\u0105 zosta\u0107 usuni\u0119te lub zarchiwizowane zgodnie z obowi\u0105zuj\u0105cym prawem.<\/p>\n\n\n\n<h4 class=\"wp-block-heading\">5. Prawa u\u017cytkownik\u00f3w<\/h4>\n\n\n\n<p>Masz prawo do:<\/p>\n\n\n\n<ul class=\"wp-block-list\">\n<li>dost\u0119pu do swoich danych osobowych,<\/li>\n\n\n\n<li>\u017c\u0105dania ich poprawienia lub aktualizacji,<\/li>\n\n\n\n<li>\u017c\u0105dania usuni\u0119cia danych (z wyj\u0105tkiem przypadk\u00f3w, gdy ich przechowywanie jest wymagane przez prawo).<\/li>\n<\/ul>\n\n\n\n<p>Aby skorzysta\u0107 z tych praw, skontaktuj si\u0119 z nami za pomoc\u0105 danych kontaktowych podanych na stronie.<\/p>\n\n\n\n<h4 class=\"wp-block-heading\">6. Zmiany w Polityce<\/h4>\n\n\n\n<p>Zastrzegamy sobie prawo do wprowadzania zmian w niniejszej Polityce Prywatno\u015bci. Aktualna wersja b\u0119dzie zawsze dost\u0119pna na stronie <strong>eurowiza.com<\/strong>.<\/p>\n","protected":false},"excerpt":{"rendered":"<p>Szanujemy prawo ka\u017cdego u\u017cytkownika do prywatno\u015bci i zobowi\u0105zujemy si\u0119 chroni\u0107 dane osobowe, kt\u00f3re nam przekazujesz. Korzystaj\u0105c z serwisu eurowiza.com, akceptujesz zasady niniejszej Polityki Prywatno\u015bci. 1. Gromadzenie i wykorzystanie danych Podczas sk\u0142adania zam\u00f3wienia na us\u0142ugi za po\u015brednictwem strony mo\u017cemy gromadzi\u0107 i przetwarza\u0107 nast\u0119puj\u0105ce dane osobowe: Zebrane dane wykorzystywane s\u0105 wy\u0142\u0105cznie w celu: 2. Przekazywanie danych podmiotom [&hellip;]<\/p>\n","protected":false},"author":1,"featured_media":0,"parent":0,"menu_order":40,"comment_status":"closed","ping_status":"closed","template":"","meta":{"_acf_changed":false,"footnotes":""},"class_list":["post-3","page","type-page","status-publish","hentry"],"acf":[],"yoast_head":"<!-- This site is optimized with the Yoast SEO plugin v27.4 - https:\/\/yoast.com\/product\/yoast-seo-wordpress\/ -->\n<title>Polityka prywatno\u015bci serwisu eurowiza.com<\/title>\n<meta name=\"robots\" content=\"index, follow, max-snippet:-1, max-image-preview:large, max-video-preview:-1\" \/>\n<link rel=\"canonical\" href=\"https:\/\/eurowiza.com\/pl\/privacy-policy\/\" \/>\n<meta property=\"og:locale\" content=\"pl_PL\" \/>\n<meta property=\"og:locale:alternate\" content=\"en_US\" \/>\n<meta property=\"og:locale:alternate\" content=\"uk\" \/>\n<meta property=\"og:locale:alternate\" content=\"ru_RU\" \/>\n<meta property=\"og:type\" content=\"article\" \/>\n<meta property=\"og:title\" content=\"Polityka prywatno\u015bci serwisu eurowiza.com\" \/>\n<meta property=\"og:description\" content=\"Szanujemy prawo ka\u017cdego u\u017cytkownika do prywatno\u015bci i zobowi\u0105zujemy si\u0119 chroni\u0107 dane osobowe, kt\u00f3re nam przekazujesz. Korzystaj\u0105c z serwisu eurowiza.com, akceptujesz zasady niniejszej Polityki Prywatno\u015bci. 1. Gromadzenie i wykorzystanie danych Podczas sk\u0142adania zam\u00f3wienia na us\u0142ugi za po\u015brednictwem strony mo\u017cemy gromadzi\u0107 i przetwarza\u0107 nast\u0119puj\u0105ce dane osobowe: Zebrane dane wykorzystywane s\u0105 wy\u0142\u0105cznie w celu: 2. Przekazywanie danych podmiotom [&hellip;]\" \/>\n<meta property=\"og:url\" content=\"https:\/\/eurowiza.com\/pl\/privacy-policy\/\" \/>\n<meta property=\"og:site_name\" content=\"Eurowiza\" \/>\n<meta property=\"article:modified_time\" content=\"2025-09-27T19:41:58+00:00\" \/>\n<meta name=\"twitter:card\" content=\"summary_large_image\" \/>\n<meta name=\"twitter:label1\" content=\"Szacowany czas czytania\" \/>\n\t<meta name=\"twitter:data1\" content=\"2 minuty\" \/>\n<script type=\"application\/ld+json\" class=\"yoast-schema-graph\">{\"@context\":\"https:\\\/\\\/schema.org\",\"@graph\":[{\"@type\":\"WebPage\",\"@id\":\"https:\\\/\\\/eurowiza.com\\\/uk\\\/privacy-policy\\\/\",\"url\":\"https:\\\/\\\/eurowiza.com\\\/uk\\\/privacy-policy\\\/\",\"name\":\"Polityka prywatno\u015bci serwisu eurowiza.com\",\"isPartOf\":{\"@id\":\"https:\\\/\\\/eurowiza.com\\\/#website\"},\"datePublished\":\"2025-04-14T14:38:18+00:00\",\"dateModified\":\"2025-09-27T19:41:58+00:00\",\"breadcrumb\":{\"@id\":\"https:\\\/\\\/eurowiza.com\\\/uk\\\/privacy-policy\\\/#breadcrumb\"},\"inLanguage\":\"pl-PL\",\"potentialAction\":[{\"@type\":\"ReadAction\",\"target\":[\"https:\\\/\\\/eurowiza.com\\\/uk\\\/privacy-policy\\\/\"]}]},{\"@type\":\"BreadcrumbList\",\"@id\":\"https:\\\/\\\/eurowiza.com\\\/uk\\\/privacy-policy\\\/#breadcrumb\",\"itemListElement\":[{\"@type\":\"ListItem\",\"position\":1,\"name\":\"\u0413\u043b\u0430\u0432\u043d\u0430\u044f \u0441\u0442\u0440\u0430\u043d\u0438\u0446\u0430\",\"item\":\"https:\\\/\\\/eurowiza.com\\\/en\\\/\"},{\"@type\":\"ListItem\",\"position\":2,\"name\":\"\u041f\u043e\u043b\u0456\u0442\u0438\u043a\u0430 \u043a\u043e\u043d\u0444\u0456\u0434\u0435\u043d\u0446\u0456\u0439\u043d\u043e\u0441\u0442\u0456 \u0441\u0430\u0439\u0442\u0443 eurowiza.com\"}]},{\"@type\":\"WebSite\",\"@id\":\"https:\\\/\\\/eurowiza.com\\\/#website\",\"url\":\"https:\\\/\\\/eurowiza.com\\\/\",\"name\":\"Eurowiza\",\"description\":\"Zezwolenie na prac\u0119, wiza, praca\",\"potentialAction\":[{\"@type\":\"SearchAction\",\"target\":{\"@type\":\"EntryPoint\",\"urlTemplate\":\"https:\\\/\\\/eurowiza.com\\\/?s={search_term_string}\"},\"query-input\":{\"@type\":\"PropertyValueSpecification\",\"valueRequired\":true,\"valueName\":\"search_term_string\"}}],\"inLanguage\":\"pl-PL\"}]}<\/script>\n<!-- \/ Yoast SEO plugin. -->","yoast_head_json":{"title":"Polityka prywatno\u015bci serwisu eurowiza.com","robots":{"index":"index","follow":"follow","max-snippet":"max-snippet:-1","max-image-preview":"max-image-preview:large","max-video-preview":"max-video-preview:-1"},"canonical":"https:\/\/eurowiza.com\/pl\/privacy-policy\/","og_locale":"pl_PL","og_type":"article","og_title":"[:en]Privacy policy of eurowiza.com[:uk]\u041f\u043e\u043b\u0456\u0442\u0438\u043a\u0430 \u043a\u043e\u043d\u0444\u0456\u0434\u0435\u043d\u0446\u0456\u0439\u043d\u043e\u0441\u0442\u0456 \u0441\u0430\u0439\u0442\u0443 eurowiza.com[:pl]Polityka prywatno\u015bci serwisu eurowiza.com[:ru]\u041f\u043e\u043b\u0438\u0442\u0438\u043a\u0430 \u043a\u043e\u043d\u0444\u0438\u0434\u0435\u043d\u0446\u0438\u0430\u043b\u044c\u043d\u043e\u0441\u0442\u0438 \u0441\u0430\u0439\u0442\u0430 eurowiza.com[:] - Eurowiza","og_description":"Szanujemy prawo ka\u017cdego u\u017cytkownika do prywatno\u015bci i zobowi\u0105zujemy si\u0119 chroni\u0107 dane osobowe, kt\u00f3re nam przekazujesz. Korzystaj\u0105c z serwisu eurowiza.com, akceptujesz zasady niniejszej Polityki Prywatno\u015bci. 1. Gromadzenie i wykorzystanie danych Podczas sk\u0142adania zam\u00f3wienia na us\u0142ugi za po\u015brednictwem strony mo\u017cemy gromadzi\u0107 i przetwarza\u0107 nast\u0119puj\u0105ce dane osobowe: Zebrane dane wykorzystywane s\u0105 wy\u0142\u0105cznie w celu: 2. Przekazywanie danych podmiotom [&hellip;]","og_url":"https:\/\/eurowiza.com\/pl\/privacy-policy\/","og_site_name":"Eurowiza","article_modified_time":"2025-09-27T19:41:58+00:00","twitter_card":"summary_large_image","twitter_misc":{"Szacowany czas czytania":"2 minuty"},"schema":{"@context":"https:\/\/schema.org","@graph":[{"@type":"WebPage","@id":"https:\/\/eurowiza.com\/uk\/privacy-policy\/","url":"https:\/\/eurowiza.com\/uk\/privacy-policy\/","name":"Polityka prywatno\u015bci serwisu eurowiza.com","isPartOf":{"@id":"https:\/\/eurowiza.com\/#website"},"datePublished":"2025-04-14T14:38:18+00:00","dateModified":"2025-09-27T19:41:58+00:00","breadcrumb":{"@id":"https:\/\/eurowiza.com\/uk\/privacy-policy\/#breadcrumb"},"inLanguage":"pl-PL","potentialAction":[{"@type":"ReadAction","target":["https:\/\/eurowiza.com\/uk\/privacy-policy\/"]}]},{"@type":"BreadcrumbList","@id":"https:\/\/eurowiza.com\/uk\/privacy-policy\/#breadcrumb","itemListElement":[{"@type":"ListItem","position":1,"name":"\u0413\u043b\u0430\u0432\u043d\u0430\u044f \u0441\u0442\u0440\u0430\u043d\u0438\u0446\u0430","item":"https:\/\/eurowiza.com\/en\/"},{"@type":"ListItem","position":2,"name":"\u041f\u043e\u043b\u0456\u0442\u0438\u043a\u0430 \u043a\u043e\u043d\u0444\u0456\u0434\u0435\u043d\u0446\u0456\u0439\u043d\u043e\u0441\u0442\u0456 \u0441\u0430\u0439\u0442\u0443 eurowiza.com"}]},{"@type":"WebSite","@id":"https:\/\/eurowiza.com\/#website","url":"https:\/\/eurowiza.com\/","name":"Eurowiza","description":"Zezwolenie na prac\u0119, wiza, praca","potentialAction":[{"@type":"SearchAction","target":{"@type":"EntryPoint","urlTemplate":"https:\/\/eurowiza.com\/?s={search_term_string}"},"query-input":{"@type":"PropertyValueSpecification","valueRequired":true,"valueName":"search_term_string"}}],"inLanguage":"pl-PL"}]}},"_links":{"self":[{"href":"https:\/\/eurowiza.com\/pl\/wp-json\/wp\/v2\/pages\/3","targetHints":{"allow":["GET"]}}],"collection":[{"href":"https:\/\/eurowiza.com\/pl\/wp-json\/wp\/v2\/pages"}],"about":[{"href":"https:\/\/eurowiza.com\/pl\/wp-json\/wp\/v2\/types\/page"}],"author":[{"embeddable":true,"href":"https:\/\/eurowiza.com\/pl\/wp-json\/wp\/v2\/users\/1"}],"replies":[{"embeddable":true,"href":"https:\/\/eurowiza.com\/pl\/wp-json\/wp\/v2\/comments?post=3"}],"version-history":[{"count":8,"href":"https:\/\/eurowiza.com\/pl\/wp-json\/wp\/v2\/pages\/3\/revisions"}],"predecessor-version":[{"id":2358,"href":"https:\/\/eurowiza.com\/pl\/wp-json\/wp\/v2\/pages\/3\/revisions\/2358"}],"wp:attachment":[{"href":"https:\/\/eurowiza.com\/pl\/wp-json\/wp\/v2\/media?parent=3"}],"curies":[{"name":"wp","href":"https:\/\/api.w.org\/{rel}","templated":true}]}}