{"id":371,"date":"2025-05-28T16:35:33","date_gmt":"2025-05-28T13:35:33","guid":{"rendered":"https:\/\/eurowiza.com\/ru\/?page_id=371"},"modified":"2025-10-03T16:05:27","modified_gmt":"2025-10-03T13:05:27","slug":"study-visa-to-poland-for-a-preschooler","status":"publish","type":"page","link":"https:\/\/eurowiza.com\/pl\/study-visa-to-poland-for-a-preschooler\/","title":{"rendered":"Wiza studencka do Polski dla dziecka w wieku przedszkolnym"},"content":{"rendered":"\n<h2 class=\"wp-block-heading\">Warunek uzyskania wizy<\/h2>\n\n\n\n<p><br>Warunkiem uzyskania wizy do Polski dla dziecka w wieku przedszkolnym jest posiadanie zaproszenia wydanego przez polskie przedszkole.<br><\/p>\n\n\n\n<h2 class=\"wp-block-heading\">Czas oczekiwania<\/h2>\n\n\n\n<ul class=\"wp-block-list\">\n<li>Czas wydania zaproszenia ze szko\u0142y lub przedszkola w Polsce zale\u017cy od konkretnej plac\u00f3wki edukacyjnej i wynosi \u015brednio od 7 do 14 dni roboczych. Nast\u0119pnie nale\u017cy skompletowa\u0107 pe\u0142en pakiet dokument\u00f3w.<\/li>\n\n\n\n<li>Dokumenty wymagane do uzyskania wizy studenckiej do Polski dla dziecka w wieku przedszkolnym:<\/li>\n\n\n\n<li> Wnioski wizowe: wniosek dziecka podpisany przez rodzica oraz wniosek rodzica lub opiekuna.<\/li>\n\n\n\n<li>Zdj\u0119cie dziecka: kolorowe, format 3,5\u00d74,5 cm, bia\u0142e t\u0142o, wykonane w ostatnich 6 miesi\u0105cach.<\/li>\n\n\n\n<li>Akt urodzenia dziecka: orygina\u0142 i t\u0142umaczenie na polski przez t\u0142umacza przysi\u0119g\u0142ego.<\/li>\n\n\n\n<li>Paszport dziecka: orygina\u0142 i kopie stron, wa\u017cny co najmniej 3 miesi\u0105ce po wyje\u017adzie.<\/li>\n\n\n\n<li>Potwierdzenie przyj\u0119cia do przedszkola: orygina\u0142 zaproszenia lub za\u015bwiadczenie na papierze firmowym z piecz\u0119ci\u0105.<\/li>\n\n\n\n<li>Dokumenty rodzica: paszport, zaproszenie od polskiego pracodawcy lub dokument studencki, je\u015bli rodzic towarzyszy.<\/li>\n\n\n\n<li>Dokumenty finansowe: wyci\u0105g z banku, za\u015bwiadczenie o dochodach, list sponsora, je\u015bli dost\u0119pny.<\/li>\n\n\n\n<li>Dokumenty zakwaterowania: umowa najmu lub potwierdzenie rezerwacji noclegu w hostelu.<\/li>\n\n\n\n<li>Rezerwacja bilet\u00f3w i plan podr\u00f3\u017cy, je\u015bli s\u0105 dost\u0119pne.<\/li>\n\n\n\n<li>Ubezpieczenie dziecka: minimum 30 000 euro, wa\u017cne w ca\u0142ej strefie Schengen, uznane przez Konsulat RP.<\/li>\n<\/ul>\n\n\n\n<p><br>Wa\u017cne:<br>Konsulat mo\u017ce za\u017c\u0105da\u0107 dodatkowych dokument\u00f3w. Zawsze nale\u017cy sprawdzi\u0107 aktualne wymagania na stronie internetowej konsulatu lub centrum wizowego.<br><br>Czas rozpatrywania wniosku o wiz\u0119 studenck\u0105 do Polski dla dziecka w wieku przedszkolnym<br> \u2022 Wydanie zaproszenia przez przedszkole w Polsce trwa \u015brednio 7\u201314 dni roboczych (w zale\u017cno\u015bci od plac\u00f3wki).<br> \u2022 Rozpatrywanie wniosku wizowego po z\u0142o\u017ceniu pe\u0142nego pakietu dokument\u00f3w w Konsulacie RP lub w centrum wizowym trwa oko\u0142o 14 dni roboczych.<br><br><br><\/p>\n","protected":false},"excerpt":{"rendered":"<p>Warunek uzyskania wizy Warunkiem uzyskania wizy do Polski dla dziecka w wieku przedszkolnym jest posiadanie zaproszenia wydanego przez polskie przedszkole. Czas oczekiwania Wa\u017cne:Konsulat mo\u017ce za\u017c\u0105da\u0107 dodatkowych dokument\u00f3w. Zawsze nale\u017cy sprawdzi\u0107 aktualne wymagania na stronie internetowej konsulatu lub centrum wizowego. Czas rozpatrywania wniosku o wiz\u0119 studenck\u0105 do Polski dla dziecka w wieku przedszkolnym \u2022 Wydanie zaproszenia [&hellip;]<\/p>\n","protected":false},"author":1,"featured_media":0,"parent":0,"menu_order":28,"comment_status":"closed","ping_status":"closed","template":"","meta":{"_acf_changed":false,"footnotes":""},"class_list":["post-371","page","type-page","status-publish","hentry"],"acf":[],"yoast_head":"<!-- This site is optimized with the Yoast SEO plugin v27.4 - https:\/\/yoast.com\/product\/yoast-seo-wordpress\/ -->\n<title>Wiza studencka do Polski dla dziecka w wieku przedszkolnym<\/title>\n<meta name=\"robots\" content=\"index, follow, max-snippet:-1, max-image-preview:large, max-video-preview:-1\" \/>\n<link rel=\"canonical\" href=\"https:\/\/eurowiza.com\/pl\/study-visa-to-poland-for-a-preschooler\/\" \/>\n<meta property=\"og:locale\" content=\"pl_PL\" \/>\n<meta property=\"og:locale:alternate\" content=\"en_US\" \/>\n<meta property=\"og:locale:alternate\" content=\"uk\" \/>\n<meta property=\"og:locale:alternate\" content=\"ru_RU\" \/>\n<meta property=\"og:type\" content=\"article\" \/>\n<meta property=\"og:title\" content=\"Wiza studencka do Polski dla dziecka w wieku przedszkolnym\" \/>\n<meta property=\"og:description\" content=\"Warunek uzyskania wizy Warunkiem uzyskania wizy do Polski dla dziecka w wieku przedszkolnym jest posiadanie zaproszenia wydanego przez polskie przedszkole. Czas oczekiwania Wa\u017cne:Konsulat mo\u017ce za\u017c\u0105da\u0107 dodatkowych dokument\u00f3w. Zawsze nale\u017cy sprawdzi\u0107 aktualne wymagania na stronie internetowej konsulatu lub centrum wizowego. Czas rozpatrywania wniosku o wiz\u0119 studenck\u0105 do Polski dla dziecka w wieku przedszkolnym \u2022 Wydanie zaproszenia [&hellip;]\" \/>\n<meta property=\"og:url\" content=\"https:\/\/eurowiza.com\/pl\/study-visa-to-poland-for-a-preschooler\/\" \/>\n<meta property=\"og:site_name\" content=\"Eurowiza\" \/>\n<meta property=\"article:modified_time\" content=\"2025-10-03T13:05:27+00:00\" \/>\n<meta name=\"twitter:card\" content=\"summary_large_image\" \/>\n<meta name=\"twitter:label1\" content=\"Szacowany czas czytania\" \/>\n\t<meta name=\"twitter:data1\" content=\"2 minuty\" \/>\n<script type=\"application\/ld+json\" class=\"yoast-schema-graph\">{\"@context\":\"https:\\\/\\\/schema.org\",\"@graph\":[{\"@type\":\"WebPage\",\"@id\":\"https:\\\/\\\/eurowiza.com\\\/pl\\\/study-visa-to-poland-for-a-preschooler\\\/\",\"url\":\"https:\\\/\\\/eurowiza.com\\\/pl\\\/study-visa-to-poland-for-a-preschooler\\\/\",\"name\":\"Wiza studencka do Polski dla dziecka w wieku przedszkolnym\",\"isPartOf\":{\"@id\":\"https:\\\/\\\/eurowiza.com\\\/#website\"},\"datePublished\":\"2025-05-28T13:35:33+00:00\",\"dateModified\":\"2025-10-03T13:05:27+00:00\",\"breadcrumb\":{\"@id\":\"https:\\\/\\\/eurowiza.com\\\/pl\\\/study-visa-to-poland-for-a-preschooler\\\/#breadcrumb\"},\"inLanguage\":\"pl-PL\",\"potentialAction\":[{\"@type\":\"ReadAction\",\"target\":[\"https:\\\/\\\/eurowiza.com\\\/pl\\\/study-visa-to-poland-for-a-preschooler\\\/\"]}]},{\"@type\":\"BreadcrumbList\",\"@id\":\"https:\\\/\\\/eurowiza.com\\\/pl\\\/study-visa-to-poland-for-a-preschooler\\\/#breadcrumb\",\"itemListElement\":[{\"@type\":\"ListItem\",\"position\":1,\"name\":\"\u0413\u043b\u0430\u0432\u043d\u0430\u044f \u0441\u0442\u0440\u0430\u043d\u0438\u0446\u0430\",\"item\":\"https:\\\/\\\/eurowiza.com\\\/en\\\/\"},{\"@type\":\"ListItem\",\"position\":2,\"name\":\"Wiza studencka do Polski dla dziecka w wieku przedszkolnym\"}]},{\"@type\":\"WebSite\",\"@id\":\"https:\\\/\\\/eurowiza.com\\\/#website\",\"url\":\"https:\\\/\\\/eurowiza.com\\\/\",\"name\":\"Eurowiza\",\"description\":\"Zezwolenie na prac\u0119, wiza, praca\",\"potentialAction\":[{\"@type\":\"SearchAction\",\"target\":{\"@type\":\"EntryPoint\",\"urlTemplate\":\"https:\\\/\\\/eurowiza.com\\\/?s={search_term_string}\"},\"query-input\":{\"@type\":\"PropertyValueSpecification\",\"valueRequired\":true,\"valueName\":\"search_term_string\"}}],\"inLanguage\":\"pl-PL\"}]}<\/script>\n<!-- \/ Yoast SEO plugin. -->","yoast_head_json":{"title":"Wiza studencka do Polski dla dziecka w wieku przedszkolnym","robots":{"index":"index","follow":"follow","max-snippet":"max-snippet:-1","max-image-preview":"max-image-preview:large","max-video-preview":"max-video-preview:-1"},"canonical":"https:\/\/eurowiza.com\/pl\/study-visa-to-poland-for-a-preschooler\/","og_locale":"pl_PL","og_type":"article","og_title":"[:en]Study visa to Poland for a Preschool Child[:uk]\u041d\u0430\u0432\u0447\u0430\u043b\u044c\u043d\u0430 \u0432\u0456\u0437\u0430 \u0434\u043e \u041f\u043e\u043b\u044c\u0449\u0456 \u0434\u043b\u044f \u0434\u043e\u0448\u043a\u0456\u043b\u044c\u043d\u0438\u043a\u0430[:pl]Wiza studencka do Polski dla dziecka w wieku przedszkolnym[:ru]\u0423\u0447\u0435\u0431\u043d\u0430\u044f \u0432\u0438\u0437\u0430 \u0432 \u041f\u043e\u043b\u044c\u0448\u0443 \u0434\u043b\u044f \u0434\u043e\u0448\u043a\u043e\u043b\u044c\u043d\u0438\u043a\u0430[:] - Eurowiza","og_description":"Warunek uzyskania wizy Warunkiem uzyskania wizy do Polski dla dziecka w wieku przedszkolnym jest posiadanie zaproszenia wydanego przez polskie przedszkole. Czas oczekiwania Wa\u017cne:Konsulat mo\u017ce za\u017c\u0105da\u0107 dodatkowych dokument\u00f3w. Zawsze nale\u017cy sprawdzi\u0107 aktualne wymagania na stronie internetowej konsulatu lub centrum wizowego. Czas rozpatrywania wniosku o wiz\u0119 studenck\u0105 do Polski dla dziecka w wieku przedszkolnym \u2022 Wydanie zaproszenia [&hellip;]","og_url":"https:\/\/eurowiza.com\/pl\/study-visa-to-poland-for-a-preschooler\/","og_site_name":"Eurowiza","article_modified_time":"2025-10-03T13:05:27+00:00","twitter_card":"summary_large_image","twitter_misc":{"Szacowany czas czytania":"2 minuty"},"schema":{"@context":"https:\/\/schema.org","@graph":[{"@type":"WebPage","@id":"https:\/\/eurowiza.com\/pl\/study-visa-to-poland-for-a-preschooler\/","url":"https:\/\/eurowiza.com\/pl\/study-visa-to-poland-for-a-preschooler\/","name":"Wiza studencka do Polski dla dziecka w wieku przedszkolnym","isPartOf":{"@id":"https:\/\/eurowiza.com\/#website"},"datePublished":"2025-05-28T13:35:33+00:00","dateModified":"2025-10-03T13:05:27+00:00","breadcrumb":{"@id":"https:\/\/eurowiza.com\/pl\/study-visa-to-poland-for-a-preschooler\/#breadcrumb"},"inLanguage":"pl-PL","potentialAction":[{"@type":"ReadAction","target":["https:\/\/eurowiza.com\/pl\/study-visa-to-poland-for-a-preschooler\/"]}]},{"@type":"BreadcrumbList","@id":"https:\/\/eurowiza.com\/pl\/study-visa-to-poland-for-a-preschooler\/#breadcrumb","itemListElement":[{"@type":"ListItem","position":1,"name":"\u0413\u043b\u0430\u0432\u043d\u0430\u044f \u0441\u0442\u0440\u0430\u043d\u0438\u0446\u0430","item":"https:\/\/eurowiza.com\/en\/"},{"@type":"ListItem","position":2,"name":"Wiza studencka do Polski dla dziecka w wieku przedszkolnym"}]},{"@type":"WebSite","@id":"https:\/\/eurowiza.com\/#website","url":"https:\/\/eurowiza.com\/","name":"Eurowiza","description":"Zezwolenie na prac\u0119, wiza, praca","potentialAction":[{"@type":"SearchAction","target":{"@type":"EntryPoint","urlTemplate":"https:\/\/eurowiza.com\/?s={search_term_string}"},"query-input":{"@type":"PropertyValueSpecification","valueRequired":true,"valueName":"search_term_string"}}],"inLanguage":"pl-PL"}]}},"_links":{"self":[{"href":"https:\/\/eurowiza.com\/pl\/wp-json\/wp\/v2\/pages\/371","targetHints":{"allow":["GET"]}}],"collection":[{"href":"https:\/\/eurowiza.com\/pl\/wp-json\/wp\/v2\/pages"}],"about":[{"href":"https:\/\/eurowiza.com\/pl\/wp-json\/wp\/v2\/types\/page"}],"author":[{"embeddable":true,"href":"https:\/\/eurowiza.com\/pl\/wp-json\/wp\/v2\/users\/1"}],"replies":[{"embeddable":true,"href":"https:\/\/eurowiza.com\/pl\/wp-json\/wp\/v2\/comments?post=371"}],"version-history":[{"count":30,"href":"https:\/\/eurowiza.com\/pl\/wp-json\/wp\/v2\/pages\/371\/revisions"}],"predecessor-version":[{"id":2873,"href":"https:\/\/eurowiza.com\/pl\/wp-json\/wp\/v2\/pages\/371\/revisions\/2873"}],"wp:attachment":[{"href":"https:\/\/eurowiza.com\/pl\/wp-json\/wp\/v2\/media?parent=371"}],"curies":[{"name":"wp","href":"https:\/\/api.w.org\/{rel}","templated":true}]}}