{"id":44,"date":"2025-04-23T14:39:11","date_gmt":"2025-04-23T11:39:11","guid":{"rendered":"https:\/\/eurowiza.com\/en\/?page_id=44"},"modified":"2025-09-29T12:19:04","modified_gmt":"2025-09-29T09:19:04","slug":"contacts","status":"publish","type":"page","link":"https:\/\/eurowiza.com\/pl\/contacts\/","title":{"rendered":"Kontakty"},"content":{"rendered":"\n<p><strong>Eurowiza Sp. z o.o.<\/strong><\/p>\n\n\n\n<p>ul. Stanis\u0142awa Leszczy\u0144skiego 4, lok. 25<\/p>\n\n\n\n<p>50-078 Wroc\u0142aw, Polska<\/p>\n\n\n\n<p>NIP: 8971859545 \/ KRS: 000749448<\/p>\n\n\n\n<p>REGON: 381339944<\/p>\n\n\n\n<p>KRAZ: 21111<\/p>\n\n\n\n<p>_________________________________________________________________________________________<\/p>\n\n\n\n<p><strong>Sp\u00f3\u0142ka z o.o. \u201eEUROWIZA\u201d<\/strong><\/p>\n\n\n\n<p>Kod \u0404\u0414\u0420\u041f\u041e\u0423: 39093773<\/p>\n\n\n\n<p>03039, Kij\u00f3w, dzielnica Ho\u0142osijiwska<\/p>\n\n\n\n<p>al. Walerego \u0141obanowskiego 119<\/p>\n\n\n\n<p>Budynek administracyjny \/lit. A\/, I pi\u0119tro, lokal 40<\/p>\n","protected":false},"excerpt":{"rendered":"<p>Eurowiza Sp. z o.o. ul. Stanis\u0142awa Leszczy\u0144skiego 4, lok. 25 50-078 Wroc\u0142aw, Polska NIP: 8971859545 \/ KRS: 000749448 REGON: 381339944 KRAZ: 21111 _________________________________________________________________________________________ Sp\u00f3\u0142ka z o.o. \u201eEUROWIZA\u201d Kod \u0404\u0414\u0420\u041f\u041e\u0423: 39093773 03039, Kij\u00f3w, dzielnica Ho\u0142osijiwska al. Walerego \u0141obanowskiego 119 Budynek administracyjny \/lit. A\/, I pi\u0119tro, lokal 40<\/p>\n","protected":false},"author":1,"featured_media":0,"parent":0,"menu_order":39,"comment_status":"closed","ping_status":"closed","template":"","meta":{"_acf_changed":false,"footnotes":""},"class_list":["post-44","page","type-page","status-publish","hentry"],"acf":[],"yoast_head":"<!-- This site is optimized with the Yoast SEO plugin v27.4 - https:\/\/yoast.com\/product\/yoast-seo-wordpress\/ -->\n<title>Kontakty<\/title>\n<meta name=\"robots\" content=\"index, follow, max-snippet:-1, max-image-preview:large, max-video-preview:-1\" \/>\n<link rel=\"canonical\" href=\"https:\/\/eurowiza.com\/pl\/contacts\/\" \/>\n<meta property=\"og:locale\" content=\"pl_PL\" \/>\n<meta property=\"og:locale:alternate\" content=\"en_US\" \/>\n<meta property=\"og:locale:alternate\" content=\"uk\" \/>\n<meta property=\"og:locale:alternate\" content=\"ru_RU\" \/>\n<meta property=\"og:type\" content=\"article\" \/>\n<meta property=\"og:title\" content=\"Kontakty\" \/>\n<meta property=\"og:description\" content=\"Eurowiza Sp. z o.o. ul. Stanis\u0142awa Leszczy\u0144skiego 4, lok. 25 50-078 Wroc\u0142aw, Polska NIP: 8971859545 \/ KRS: 000749448 REGON: 381339944 KRAZ: 21111 _________________________________________________________________________________________ Sp\u00f3\u0142ka z o.o. \u201eEUROWIZA\u201d Kod \u0404\u0414\u0420\u041f\u041e\u0423: 39093773 03039, Kij\u00f3w, dzielnica Ho\u0142osijiwska al. Walerego \u0141obanowskiego 119 Budynek administracyjny \/lit. A\/, I pi\u0119tro, lokal 40\" \/>\n<meta property=\"og:url\" content=\"https:\/\/eurowiza.com\/pl\/contacts\/\" \/>\n<meta property=\"og:site_name\" content=\"Eurowiza\" \/>\n<meta property=\"article:modified_time\" content=\"2025-09-29T09:19:04+00:00\" \/>\n<meta name=\"twitter:card\" content=\"summary_large_image\" \/>\n<meta name=\"twitter:label1\" content=\"Szacowany czas czytania\" \/>\n\t<meta name=\"twitter:data1\" content=\"1 minuta\" \/>\n<script type=\"application\/ld+json\" class=\"yoast-schema-graph\">{\"@context\":\"https:\\\/\\\/schema.org\",\"@graph\":[{\"@type\":\"WebPage\",\"@id\":\"https:\\\/\\\/eurowiza.com\\\/pl\\\/contacts\\\/\",\"url\":\"https:\\\/\\\/eurowiza.com\\\/pl\\\/contacts\\\/\",\"name\":\"Kontakty\",\"isPartOf\":{\"@id\":\"https:\\\/\\\/eurowiza.com\\\/#website\"},\"datePublished\":\"2025-04-23T11:39:11+00:00\",\"dateModified\":\"2025-09-29T09:19:04+00:00\",\"breadcrumb\":{\"@id\":\"https:\\\/\\\/eurowiza.com\\\/pl\\\/contacts\\\/#breadcrumb\"},\"inLanguage\":\"pl-PL\",\"potentialAction\":[{\"@type\":\"ReadAction\",\"target\":[\"https:\\\/\\\/eurowiza.com\\\/pl\\\/contacts\\\/\"]}]},{\"@type\":\"BreadcrumbList\",\"@id\":\"https:\\\/\\\/eurowiza.com\\\/pl\\\/contacts\\\/#breadcrumb\",\"itemListElement\":[{\"@type\":\"ListItem\",\"position\":1,\"name\":\"\u0413\u043b\u0430\u0432\u043d\u0430\u044f \u0441\u0442\u0440\u0430\u043d\u0438\u0446\u0430\",\"item\":\"https:\\\/\\\/eurowiza.com\\\/en\\\/\"},{\"@type\":\"ListItem\",\"position\":2,\"name\":\"Kontakty\"}]},{\"@type\":\"WebSite\",\"@id\":\"https:\\\/\\\/eurowiza.com\\\/#website\",\"url\":\"https:\\\/\\\/eurowiza.com\\\/\",\"name\":\"Eurowiza\",\"description\":\"Zezwolenie na prac\u0119, wiza, praca\",\"potentialAction\":[{\"@type\":\"SearchAction\",\"target\":{\"@type\":\"EntryPoint\",\"urlTemplate\":\"https:\\\/\\\/eurowiza.com\\\/?s={search_term_string}\"},\"query-input\":{\"@type\":\"PropertyValueSpecification\",\"valueRequired\":true,\"valueName\":\"search_term_string\"}}],\"inLanguage\":\"pl-PL\"}]}<\/script>\n<!-- \/ Yoast SEO plugin. -->","yoast_head_json":{"title":"Kontakty","robots":{"index":"index","follow":"follow","max-snippet":"max-snippet:-1","max-image-preview":"max-image-preview:large","max-video-preview":"max-video-preview:-1"},"canonical":"https:\/\/eurowiza.com\/pl\/contacts\/","og_locale":"pl_PL","og_type":"article","og_title":"[:en]Contacts[:uk]\u041a\u043e\u043d\u0442\u0430\u043a\u0442\u0438[:pl]Kontakty[:ru]\u041a\u043e\u043d\u0442\u0430\u043a\u0442\u044b[:] - Eurowiza","og_description":"Eurowiza Sp. z o.o. ul. Stanis\u0142awa Leszczy\u0144skiego 4, lok. 25 50-078 Wroc\u0142aw, Polska NIP: 8971859545 \/ KRS: 000749448 REGON: 381339944 KRAZ: 21111 _________________________________________________________________________________________ Sp\u00f3\u0142ka z o.o. \u201eEUROWIZA\u201d Kod \u0404\u0414\u0420\u041f\u041e\u0423: 39093773 03039, Kij\u00f3w, dzielnica Ho\u0142osijiwska al. Walerego \u0141obanowskiego 119 Budynek administracyjny \/lit. A\/, I pi\u0119tro, lokal 40","og_url":"https:\/\/eurowiza.com\/pl\/contacts\/","og_site_name":"Eurowiza","article_modified_time":"2025-09-29T09:19:04+00:00","twitter_card":"summary_large_image","twitter_misc":{"Szacowany czas czytania":"1 minuta"},"schema":{"@context":"https:\/\/schema.org","@graph":[{"@type":"WebPage","@id":"https:\/\/eurowiza.com\/pl\/contacts\/","url":"https:\/\/eurowiza.com\/pl\/contacts\/","name":"Kontakty","isPartOf":{"@id":"https:\/\/eurowiza.com\/#website"},"datePublished":"2025-04-23T11:39:11+00:00","dateModified":"2025-09-29T09:19:04+00:00","breadcrumb":{"@id":"https:\/\/eurowiza.com\/pl\/contacts\/#breadcrumb"},"inLanguage":"pl-PL","potentialAction":[{"@type":"ReadAction","target":["https:\/\/eurowiza.com\/pl\/contacts\/"]}]},{"@type":"BreadcrumbList","@id":"https:\/\/eurowiza.com\/pl\/contacts\/#breadcrumb","itemListElement":[{"@type":"ListItem","position":1,"name":"\u0413\u043b\u0430\u0432\u043d\u0430\u044f \u0441\u0442\u0440\u0430\u043d\u0438\u0446\u0430","item":"https:\/\/eurowiza.com\/en\/"},{"@type":"ListItem","position":2,"name":"Kontakty"}]},{"@type":"WebSite","@id":"https:\/\/eurowiza.com\/#website","url":"https:\/\/eurowiza.com\/","name":"Eurowiza","description":"Zezwolenie na prac\u0119, wiza, praca","potentialAction":[{"@type":"SearchAction","target":{"@type":"EntryPoint","urlTemplate":"https:\/\/eurowiza.com\/?s={search_term_string}"},"query-input":{"@type":"PropertyValueSpecification","valueRequired":true,"valueName":"search_term_string"}}],"inLanguage":"pl-PL"}]}},"_links":{"self":[{"href":"https:\/\/eurowiza.com\/pl\/wp-json\/wp\/v2\/pages\/44","targetHints":{"allow":["GET"]}}],"collection":[{"href":"https:\/\/eurowiza.com\/pl\/wp-json\/wp\/v2\/pages"}],"about":[{"href":"https:\/\/eurowiza.com\/pl\/wp-json\/wp\/v2\/types\/page"}],"author":[{"embeddable":true,"href":"https:\/\/eurowiza.com\/pl\/wp-json\/wp\/v2\/users\/1"}],"replies":[{"embeddable":true,"href":"https:\/\/eurowiza.com\/pl\/wp-json\/wp\/v2\/comments?post=44"}],"version-history":[{"count":19,"href":"https:\/\/eurowiza.com\/pl\/wp-json\/wp\/v2\/pages\/44\/revisions"}],"predecessor-version":[{"id":2398,"href":"https:\/\/eurowiza.com\/pl\/wp-json\/wp\/v2\/pages\/44\/revisions\/2398"}],"wp:attachment":[{"href":"https:\/\/eurowiza.com\/pl\/wp-json\/wp\/v2\/media?parent=44"}],"curies":[{"name":"wp","href":"https:\/\/api.w.org\/{rel}","templated":true}]}}