{"id":58,"date":"2025-04-23T17:23:56","date_gmt":"2025-04-23T14:23:56","guid":{"rendered":"https:\/\/eurowiza.com\/en\/?page_id=58"},"modified":"2025-10-16T18:02:31","modified_gmt":"2025-10-16T15:02:31","slug":"the-united-states-of-america-usa","status":"publish","type":"page","link":"https:\/\/eurowiza.com\/pl\/the-united-states-of-america-usa\/","title":{"rendered":"Stany Zjednoczone Ameryki"},"content":{"rendered":"\n<p><strong>Stany Zjednoczone<\/strong> to jedna z wiod\u0105cych gospodarek \u015bwiata z pot\u0119\u017cnym ekosystemem innowacji, rozwini\u0119tym sektorem prywatnym oraz siln\u0105 ochron\u0105 praw i wolno\u015bci obywatelskich. To kraj wielokulturowy, oferuj\u0105cy szerokie mo\u017cliwo\u015bci edukacji, kariery i przedsi\u0119biorczo\u015bci, do kt\u00f3rego co roku przyci\u0105gani s\u0105 specjali\u015bci, studenci i inwestorzy z ca\u0142ego \u015bwiata.<\/p>\n\n\n\n<p>Ameryka\u0144ski model \u0142\u0105czy konkurencyjny rynek pracy, silne instytucje i praworz\u0105dno\u015b\u0107. Wsparcie spo\u0142eczne jest realizowane poprzez programy celowe (Medicare, Medicaid, \u015bwiadczenia na poziomie stan\u00f3w), a system ochrony zdrowia ma w przewa\u017caj\u0105cej mierze charakter ubezpieczeniowy \u2014 poprzez pracodawc\u0119 lub polisy indywidualne. Edukacja \u2014 od koled\u017c\u00f3w typu <em>community college<\/em> po czo\u0142owe uniwersytety \u2014 zapewnia dost\u0119p do \u015bwiatowej klasy o\u015brodk\u00f3w badawczych i partnerstw korporacyjnych; koszty nauki cz\u0119sto r\u00f3wnowa\u017cone s\u0105 grantami i stypendiami.<\/p>\n\n\n\n<p>Kraj sk\u0142ada si\u0119 z 50 stan\u00f3w oraz Dystryktu Kolumbii \u2014 ka\u017cdy z w\u0142asnym systemem podatkowym, rynkiem pracy i poziomem koszt\u00f3w \u017cycia. Metropolie takie jak Nowy Jork, Los Angeles, San Francisco\/Dolina Krzemowa, Boston, Seattle, Austin czy Miami s\u0105 centrami biznesu, technologii i kultury. Miasta \u015bredniej wielko\u015bci i przedmie\u015bcia oferuj\u0105 bardziej umiarkowane koszty \u017cycia przy wysokich wska\u017anikach bezpiecze\u0144stwa i komfortu.<\/p>\n\n\n\n<p>\u015acie\u017cki imigracyjne s\u0105 zr\u00f3\u017cnicowane i zale\u017cne od celu: wizy studenckie (F-1 z OPT), wizy pracownicze i wewn\u0105trzkorporacyjne (H-1B, L-1), imigracja rodzinna, kategorie dla wysoko wykwalifikowanych specjalist\u00f3w i inwestor\u00f3w (EB-1\/EB-2\/EB-3\/EB-5), a tak\u017ce loteria <em>Diversity Visa<\/em>. Przepisy i limity s\u0105 regularnie aktualizowane, dlatego kluczowe s\u0105 staranne planowanie, w\u0142a\u015bciwy komplet dokument\u00f3w i dyscyplina termin\u00f3w.<\/p>\n\n\n\n<p>USA to nie tylko gospodarka i kariera, ale te\u017c imponuj\u0105ca przyroda: wybrze\u017ca oceaniczne, pasma g\u00f3rskie, pustynie i setki park\u00f3w narodowych. R\u00f3\u017cnorodno\u015b\u0107 klimat\u00f3w i krajobraz\u00f3w sprzyja zdrowej r\u00f3wnowadze mi\u0119dzy prac\u0105 a \u017cyciem prywatnym \u2014 od dynamicznych centr\u00f3w miejskich po spokojne przedmie\u015bcia i strefy wypoczynku. To miejsce, w kt\u00f3rym mo\u017cna budowa\u0107 d\u0142ugoterminowe plany: studiowa\u0107, pracowa\u0107, zak\u0142ada\u0107 biznes i tworzy\u0107 trwa\u0142\u0105 przysz\u0142o\u015b\u0107 dla rodziny.<\/p>\n","protected":false},"excerpt":{"rendered":"<p>Stany Zjednoczone to jedna z wiod\u0105cych gospodarek \u015bwiata z pot\u0119\u017cnym ekosystemem innowacji, rozwini\u0119tym sektorem prywatnym oraz siln\u0105 ochron\u0105 praw i wolno\u015bci obywatelskich. To kraj wielokulturowy, oferuj\u0105cy szerokie mo\u017cliwo\u015bci edukacji, kariery i przedsi\u0119biorczo\u015bci, do kt\u00f3rego co roku przyci\u0105gani s\u0105 specjali\u015bci, studenci i inwestorzy z ca\u0142ego \u015bwiata. Ameryka\u0144ski model \u0142\u0105czy konkurencyjny rynek pracy, silne instytucje i praworz\u0105dno\u015b\u0107. [&hellip;]<\/p>\n","protected":false},"author":1,"featured_media":0,"parent":0,"menu_order":38,"comment_status":"closed","ping_status":"closed","template":"","meta":{"_acf_changed":false,"footnotes":""},"class_list":["post-58","page","type-page","status-publish","hentry"],"acf":[],"yoast_head":"<!-- This site is optimized with the Yoast SEO plugin v27.4 - https:\/\/yoast.com\/product\/yoast-seo-wordpress\/ -->\n<title>Stany Zjednoczone Ameryki<\/title>\n<meta name=\"robots\" content=\"index, follow, max-snippet:-1, max-image-preview:large, max-video-preview:-1\" \/>\n<link rel=\"canonical\" href=\"https:\/\/eurowiza.com\/pl\/the-united-states-of-america-usa\/\" \/>\n<meta property=\"og:locale\" content=\"pl_PL\" \/>\n<meta property=\"og:locale:alternate\" content=\"en_US\" \/>\n<meta property=\"og:locale:alternate\" content=\"uk\" \/>\n<meta property=\"og:locale:alternate\" content=\"ru_RU\" \/>\n<meta property=\"og:type\" content=\"article\" \/>\n<meta property=\"og:title\" content=\"Stany Zjednoczone Ameryki\" \/>\n<meta property=\"og:description\" content=\"Stany Zjednoczone to jedna z wiod\u0105cych gospodarek \u015bwiata z pot\u0119\u017cnym ekosystemem innowacji, rozwini\u0119tym sektorem prywatnym oraz siln\u0105 ochron\u0105 praw i wolno\u015bci obywatelskich. To kraj wielokulturowy, oferuj\u0105cy szerokie mo\u017cliwo\u015bci edukacji, kariery i przedsi\u0119biorczo\u015bci, do kt\u00f3rego co roku przyci\u0105gani s\u0105 specjali\u015bci, studenci i inwestorzy z ca\u0142ego \u015bwiata. Ameryka\u0144ski model \u0142\u0105czy konkurencyjny rynek pracy, silne instytucje i praworz\u0105dno\u015b\u0107. [&hellip;]\" \/>\n<meta property=\"og:url\" content=\"https:\/\/eurowiza.com\/pl\/the-united-states-of-america-usa\/\" \/>\n<meta property=\"og:site_name\" content=\"Eurowiza\" \/>\n<meta property=\"article:modified_time\" content=\"2025-10-16T15:02:31+00:00\" \/>\n<meta name=\"twitter:card\" content=\"summary_large_image\" \/>\n<meta name=\"twitter:label1\" content=\"Szacowany czas czytania\" \/>\n\t<meta name=\"twitter:data1\" content=\"2 minuty\" \/>\n<script type=\"application\/ld+json\" class=\"yoast-schema-graph\">{\"@context\":\"https:\\\/\\\/schema.org\",\"@graph\":[{\"@type\":\"WebPage\",\"@id\":\"https:\\\/\\\/eurowiza.com\\\/en\\\/the-united-states-of-america-usa\\\/\",\"url\":\"https:\\\/\\\/eurowiza.com\\\/en\\\/the-united-states-of-america-usa\\\/\",\"name\":\"Stany Zjednoczone Ameryki\",\"isPartOf\":{\"@id\":\"https:\\\/\\\/eurowiza.com\\\/#website\"},\"datePublished\":\"2025-04-23T14:23:56+00:00\",\"dateModified\":\"2025-10-16T15:02:31+00:00\",\"breadcrumb\":{\"@id\":\"https:\\\/\\\/eurowiza.com\\\/en\\\/the-united-states-of-america-usa\\\/#breadcrumb\"},\"inLanguage\":\"pl-PL\",\"potentialAction\":[{\"@type\":\"ReadAction\",\"target\":[\"https:\\\/\\\/eurowiza.com\\\/en\\\/the-united-states-of-america-usa\\\/\"]}]},{\"@type\":\"BreadcrumbList\",\"@id\":\"https:\\\/\\\/eurowiza.com\\\/en\\\/the-united-states-of-america-usa\\\/#breadcrumb\",\"itemListElement\":[{\"@type\":\"ListItem\",\"position\":1,\"name\":\"\u0413\u043b\u0430\u0432\u043d\u0430\u044f \u0441\u0442\u0440\u0430\u043d\u0438\u0446\u0430\",\"item\":\"https:\\\/\\\/eurowiza.com\\\/en\\\/\"},{\"@type\":\"ListItem\",\"position\":2,\"name\":\"The United States of America (USA)\"}]},{\"@type\":\"WebSite\",\"@id\":\"https:\\\/\\\/eurowiza.com\\\/#website\",\"url\":\"https:\\\/\\\/eurowiza.com\\\/\",\"name\":\"Eurowiza\",\"description\":\"Zezwolenie na prac\u0119, wiza, praca\",\"potentialAction\":[{\"@type\":\"SearchAction\",\"target\":{\"@type\":\"EntryPoint\",\"urlTemplate\":\"https:\\\/\\\/eurowiza.com\\\/?s={search_term_string}\"},\"query-input\":{\"@type\":\"PropertyValueSpecification\",\"valueRequired\":true,\"valueName\":\"search_term_string\"}}],\"inLanguage\":\"pl-PL\"}]}<\/script>\n<!-- \/ Yoast SEO plugin. -->","yoast_head_json":{"title":"Stany Zjednoczone Ameryki","robots":{"index":"index","follow":"follow","max-snippet":"max-snippet:-1","max-image-preview":"max-image-preview:large","max-video-preview":"max-video-preview:-1"},"canonical":"https:\/\/eurowiza.com\/pl\/the-united-states-of-america-usa\/","og_locale":"pl_PL","og_type":"article","og_title":"[:en]The United States of America (USA)[:uk]\u0421\u043f\u043e\u043b\u0443\u0447\u0435\u043d\u0456 \u0428\u0442\u0430\u0442\u0438 \u0410\u043c\u0435\u0440\u0438\u043a\u0438 (\u0421\u0428\u0410)[:pl]Stany Zjednoczone Ameryki[:ru]\u0421\u043e\u0435\u0434\u0438\u043d\u0451\u043d\u043d\u044b\u0435 \u0428\u0442\u0430\u0442\u044b \u0410\u043c\u0435\u0440\u0438\u043a\u0438 (\u0421\u0428\u0410)[:] - Eurowiza","og_description":"Stany Zjednoczone to jedna z wiod\u0105cych gospodarek \u015bwiata z pot\u0119\u017cnym ekosystemem innowacji, rozwini\u0119tym sektorem prywatnym oraz siln\u0105 ochron\u0105 praw i wolno\u015bci obywatelskich. To kraj wielokulturowy, oferuj\u0105cy szerokie mo\u017cliwo\u015bci edukacji, kariery i przedsi\u0119biorczo\u015bci, do kt\u00f3rego co roku przyci\u0105gani s\u0105 specjali\u015bci, studenci i inwestorzy z ca\u0142ego \u015bwiata. Ameryka\u0144ski model \u0142\u0105czy konkurencyjny rynek pracy, silne instytucje i praworz\u0105dno\u015b\u0107. [&hellip;]","og_url":"https:\/\/eurowiza.com\/pl\/the-united-states-of-america-usa\/","og_site_name":"Eurowiza","article_modified_time":"2025-10-16T15:02:31+00:00","twitter_card":"summary_large_image","twitter_misc":{"Szacowany czas czytania":"2 minuty"},"schema":{"@context":"https:\/\/schema.org","@graph":[{"@type":"WebPage","@id":"https:\/\/eurowiza.com\/en\/the-united-states-of-america-usa\/","url":"https:\/\/eurowiza.com\/en\/the-united-states-of-america-usa\/","name":"Stany Zjednoczone Ameryki","isPartOf":{"@id":"https:\/\/eurowiza.com\/#website"},"datePublished":"2025-04-23T14:23:56+00:00","dateModified":"2025-10-16T15:02:31+00:00","breadcrumb":{"@id":"https:\/\/eurowiza.com\/en\/the-united-states-of-america-usa\/#breadcrumb"},"inLanguage":"pl-PL","potentialAction":[{"@type":"ReadAction","target":["https:\/\/eurowiza.com\/en\/the-united-states-of-america-usa\/"]}]},{"@type":"BreadcrumbList","@id":"https:\/\/eurowiza.com\/en\/the-united-states-of-america-usa\/#breadcrumb","itemListElement":[{"@type":"ListItem","position":1,"name":"\u0413\u043b\u0430\u0432\u043d\u0430\u044f \u0441\u0442\u0440\u0430\u043d\u0438\u0446\u0430","item":"https:\/\/eurowiza.com\/en\/"},{"@type":"ListItem","position":2,"name":"The United States of America (USA)"}]},{"@type":"WebSite","@id":"https:\/\/eurowiza.com\/#website","url":"https:\/\/eurowiza.com\/","name":"Eurowiza","description":"Zezwolenie na prac\u0119, wiza, praca","potentialAction":[{"@type":"SearchAction","target":{"@type":"EntryPoint","urlTemplate":"https:\/\/eurowiza.com\/?s={search_term_string}"},"query-input":{"@type":"PropertyValueSpecification","valueRequired":true,"valueName":"search_term_string"}}],"inLanguage":"pl-PL"}]}},"_links":{"self":[{"href":"https:\/\/eurowiza.com\/pl\/wp-json\/wp\/v2\/pages\/58","targetHints":{"allow":["GET"]}}],"collection":[{"href":"https:\/\/eurowiza.com\/pl\/wp-json\/wp\/v2\/pages"}],"about":[{"href":"https:\/\/eurowiza.com\/pl\/wp-json\/wp\/v2\/types\/page"}],"author":[{"embeddable":true,"href":"https:\/\/eurowiza.com\/pl\/wp-json\/wp\/v2\/users\/1"}],"replies":[{"embeddable":true,"href":"https:\/\/eurowiza.com\/pl\/wp-json\/wp\/v2\/comments?post=58"}],"version-history":[{"count":11,"href":"https:\/\/eurowiza.com\/pl\/wp-json\/wp\/v2\/pages\/58\/revisions"}],"predecessor-version":[{"id":2791,"href":"https:\/\/eurowiza.com\/pl\/wp-json\/wp\/v2\/pages\/58\/revisions\/2791"}],"wp:attachment":[{"href":"https:\/\/eurowiza.com\/pl\/wp-json\/wp\/v2\/media?parent=58"}],"curies":[{"name":"wp","href":"https:\/\/api.w.org\/{rel}","templated":true}]}}