{"id":2561,"date":"2025-10-01T02:31:56","date_gmt":"2025-09-30T23:31:56","guid":{"rendered":"https:\/\/eurowiza.com\/en\/?page_id=2561"},"modified":"2026-02-05T13:07:42","modified_gmt":"2026-02-05T10:07:42","slug":"seasonal-work-permit-in-the-czech-republic-visa-d-up-to-180-days","status":"publish","type":"page","link":"https:\/\/eurowiza.com\/uk\/seasonal-work-permit-in-the-czech-republic-visa-d-up-to-180-days\/","title":{"rendered":"\u0414\u043e\u0437\u0432\u0456\u043b \u043d\u0430 \u0441\u0435\u0437\u043e\u043d\u043d\u0456 \u0440\u043e\u0431\u043e\u0442\u0438 \u0432 \u0427\u0435\u0445\u0456\u0457 (\u0432\u0456\u0437\u0430 D \u0434\u043e 180 \u0434\u043d\u0456\u0432)"},"content":{"rendered":"\n<p>\u0421\u0435\u0437\u043e\u043d\u043d\u0430 \u0432\u0456\u0437\u0430 \u0442\u0438\u043f\u0443 D \u2014 \u0446\u0435 \u043e\u0444\u0456\u0446\u0456\u0439\u043d\u0438\u0439 \u0444\u043e\u0440\u043c\u0430\u0442 \u043f\u0440\u0430\u0446\u0435\u0432\u043b\u0430\u0448\u0442\u0443\u0432\u0430\u043d\u043d\u044f \u0432 \u0427\u0435\u0445\u0456\u0457 \u0441\u0442\u0440\u043e\u043a\u043e\u043c \u0434\u043e <strong>6 \u043c\u0456\u0441\u044f\u0446\u0456\u0432 (180 \u0434\u043d\u0456\u0432)<\/strong> \u0443 \u043c\u0435\u0436\u0430\u0445 \u043a\u0430\u043b\u0435\u043d\u0434\u0430\u0440\u043d\u043e\u0433\u043e \u0440\u043e\u043a\u0443. \u0412\u043e\u043d\u0430 \u043e\u0444\u043e\u0440\u043c\u043b\u044e\u0454\u0442\u044c\u0441\u044f \u043d\u0430 \u043f\u0456\u0434\u0441\u0442\u0430\u0432\u0456 <strong>\u0434\u043e\u0437\u0432\u043e\u043b\u0443 \u043d\u0430 \u0440\u043e\u0431\u043e\u0442\u0443 (povolen\u00ed k zam\u011bstn\u00e1n\u00ed)<\/strong>, \u044f\u043a\u0438\u0439 \u0432\u0438\u0434\u0430\u0454 <em>\u00da\u0159ad pr\u00e1ce \u010cR<\/em>.<\/p>\n\n\n\n<p>\u0426\u0435\u0439 \u0442\u0438\u043f \u0432\u0456\u0437\u0438 \u043f\u0456\u0434\u0445\u043e\u0434\u0438\u0442\u044c \u0434\u043b\u044f \u0442\u0438\u043c\u0447\u0430\u0441\u043e\u0432\u0438\u0445 \u0440\u043e\u0431\u0456\u0442 \u0443 \u0441\u0456\u043b\u044c\u0441\u044c\u043a\u043e\u043c\u0443 \u0433\u043e\u0441\u043f\u043e\u0434\u0430\u0440\u0441\u0442\u0432\u0456, \u043f\u0435\u0440\u0435\u0440\u043e\u0431\u0446\u0456, \u043b\u0456\u0441\u043e\u0432\u043e\u043c\u0443 \u0433\u043e\u0441\u043f\u043e\u0434\u0430\u0440\u0441\u0442\u0432\u0456 \u0442\u0430 \u0442\u0443\u0440\u0438\u0437\u043c\u0456.<\/p>\n\n\n\n<hr class=\"wp-block-separator has-alpha-channel-opacity\"\/>\n\n\n\n<h3 class=\"wp-block-heading\"><strong>\u041a\u043e\u043c\u0443 \u043f\u0456\u0434\u0445\u043e\u0434\u0438\u0442\u044c<\/strong><\/h3>\n\n\n\n<ul class=\"wp-block-list\">\n<li>\u041f\u0440\u0430\u0446\u0456\u0432\u043d\u0438\u043a\u0430\u043c \u0430\u0433\u0440\u0430\u0440\u043d\u043e\u0433\u043e \u0441\u0435\u043a\u0442\u043e\u0440\u0443 (\u0442\u0435\u043f\u043b\u0438\u0446\u0456, \u043f\u043e\u043b\u044f, \u0437\u0431\u0456\u0440 \u0443\u0440\u043e\u0436\u0430\u044e)<\/li>\n\n\n\n<li>\u041f\u0440\u0430\u0446\u0456\u0432\u043d\u0438\u043a\u0430\u043c \u0443 \u0445\u0430\u0440\u0447\u043e\u0432\u0456\u0439 \u0456 \u043f\u0435\u0440\u0435\u0440\u043e\u0431\u043d\u0456\u0439 \u043f\u0440\u043e\u043c\u0438\u0441\u043b\u043e\u0432\u043e\u0441\u0442\u0456<\/li>\n\n\n\n<li>\u041f\u0440\u0430\u0446\u0456\u0432\u043d\u0438\u043a\u0430\u043c \u0441\u0435\u0437\u043e\u043d\u043d\u043e\u0433\u043e \u0442\u0443\u0440\u0438\u0437\u043c\u0443, \u0433\u043e\u0442\u0435\u043b\u044c\u043d\u043e-\u0440\u0435\u0441\u0442\u043e\u0440\u0430\u043d\u043d\u043e\u0433\u043e \u0431\u0456\u0437\u043d\u0435\u0441\u0443<\/li>\n<\/ul>\n\n\n\n<hr class=\"wp-block-separator has-alpha-channel-opacity\"\/>\n\n\n\n<h3 class=\"wp-block-heading\"><strong>\u041e\u0441\u043d\u043e\u0432\u043d\u0456 \u0443\u043c\u043e\u0432\u0438<\/strong><\/h3>\n\n\n\n<ul class=\"wp-block-list\">\n<li>\u0412\u0456\u0437\u0430 \u0432\u0438\u0434\u0430\u0454\u0442\u044c\u0441\u044f <strong>\u0434\u043e 180 \u0434\u043d\u0456\u0432<\/strong> \u0456 \u043f\u0440\u0438\u0432\u2019\u044f\u0437\u0430\u043d\u0430 \u0434\u043e <strong>\u043a\u043e\u043d\u043a\u0440\u0435\u0442\u043d\u043e\u0433\u043e \u0440\u043e\u0431\u043e\u0442\u043e\u0434\u0430\u0432\u0446\u044f, \u043f\u043e\u0441\u0430\u0434\u0438 \u0442\u0430 \u043c\u0456\u0441\u0446\u044f \u0440\u043e\u0431\u043e\u0442\u0438<\/strong><\/li>\n\n\n\n<li>\u0417\u043c\u0456\u043d\u0430 \u0440\u043e\u0431\u043e\u0442\u043e\u0434\u0430\u0432\u0446\u044f \u043c\u043e\u0436\u043b\u0438\u0432\u0430 \u043b\u0438\u0448\u0435 \u0447\u0435\u0440\u0435\u0437 \u043d\u043e\u0432\u0438\u0439 \u0434\u043e\u0437\u0432\u0456\u043b<\/li>\n\n\n\n<li>\u041f\u0440\u043e\u0434\u043e\u0432\u0436\u0435\u043d\u043d\u044f \u0432\u0456\u0437\u0438 \u0432\u0441\u0435\u0440\u0435\u0434\u0438\u043d\u0456 \u0427\u0435\u0445\u0456\u0457 \u043d\u0435 \u0434\u043e\u043f\u0443\u0441\u043a\u0430\u0454\u0442\u044c\u0441\u044f<\/li>\n\n\n\n<li>\u0412\u0456\u0437\u0430 D \u0434\u043e\u0437\u0432\u043e\u043b\u044f\u0454 \u043a\u043e\u0440\u043e\u0442\u043a\u043e\u0441\u0442\u0440\u043e\u043a\u043e\u0432\u0456 \u043f\u043e\u0457\u0437\u0434\u043a\u0438 \u0432 \u043c\u0435\u0436\u0430\u0445 \u0428\u0435\u043d\u0433\u0435\u043d\u0441\u044c\u043a\u043e\u0457 \u0437\u043e\u043d\u0438 (\u0434\u043e 90\/180 \u0434\u043d\u0456\u0432)<\/li>\n<\/ul>\n\n\n\n<hr class=\"wp-block-separator has-alpha-channel-opacity\"\/>\n\n\n\n<h3 class=\"wp-block-heading\"><strong>\u0414\u043e\u043a\u0443\u043c\u0435\u043d\u0442\u0438 \u0432\u0456\u0434 \u0440\u043e\u0431\u043e\u0442\u043e\u0434\u0430\u0432\u0446\u044f<\/strong><\/h3>\n\n\n\n<ul class=\"wp-block-list\">\n<li>\u0417\u0430\u044f\u0432\u0430 \u043d\u0430 \u0434\u043e\u0437\u0432\u0456\u043b <em>povolen\u00ed k zam\u011bstn\u00e1n\u00ed (sez\u00f3nn\u00ed)<\/em><\/li>\n\n\n\n<li>\u0422\u0440\u0443\u0434\u043e\u0432\u0438\u0439 \u0434\u043e\u0433\u043e\u0432\u0456\u0440 \u0430\u0431\u043e \u043e\u0444\u0444\u0435\u0440<\/li>\n\n\n\n<li>\u041f\u0456\u0434\u0442\u0432\u0435\u0440\u0434\u0436\u0435\u043d\u043d\u044f \u0440\u0435\u0454\u0441\u0442\u0440\u0430\u0446\u0456\u0457 \u0432\u0430\u043a\u0430\u043d\u0441\u0456\u0457 \u0432 <em>\u00da\u0159ad pr\u00e1ce<\/em><\/li>\n\n\n\n<li>\u0412\u0438\u0442\u044f\u0433 \u0456\u0437 \u0442\u043e\u0440\u0433\u043e\u0432\u043e\u0433\u043e \u0440\u0435\u0454\u0441\u0442\u0440\u0443 \u043a\u043e\u043c\u043f\u0430\u043d\u0456\u0457<\/li>\n\n\n\n<li>\u041e\u0431\u0491\u0440\u0443\u043d\u0442\u0443\u0432\u0430\u043d\u043d\u044f \u0441\u0435\u0437\u043e\u043d\u043d\u043e\u0441\u0442\u0456 \u0440\u043e\u0431\u0456\u0442<\/li>\n<\/ul>\n\n\n\n<hr class=\"wp-block-separator has-alpha-channel-opacity\"\/>\n\n\n\n<h3 class=\"wp-block-heading\"><strong>\u0414\u043e\u043a\u0443\u043c\u0435\u043d\u0442\u0438 \u0432\u0456\u0434 \u043a\u0430\u043d\u0434\u0438\u0434\u0430\u0442\u0430<\/strong><\/h3>\n\n\n\n<ul class=\"wp-block-list\">\n<li>\u0410\u043d\u043a\u0435\u0442\u0430 \u043d\u0430 \u0432\u0456\u0437\u0443 D<\/li>\n\n\n\n<li>\u041f\u0430\u0441\u043f\u043e\u0440\u0442 (\u0434\u0456\u0439\u0441\u043d\u0438\u0439 \u0449\u043e\u043d\u0430\u0439\u043c\u0435\u043d\u0448\u0435 6 \u043c\u0456\u0441\u044f\u0446\u0456\u0432)<\/li>\n\n\n\n<li>\u0424\u043e\u0442\u043e 3,5\u00d74,5 \u0441\u043c<\/li>\n\n\n\n<li>\u041e\u0440\u0438\u0433\u0456\u043d\u0430\u043b \u0434\u043e\u0437\u0432\u043e\u043b\u0443 <em>\u00da\u0159ad pr\u00e1ce<\/em><\/li>\n\n\n\n<li>\u041f\u0456\u0434\u0442\u0432\u0435\u0440\u0434\u0436\u0435\u043d\u043d\u044f \u0436\u0438\u0442\u043b\u0430 \u043d\u0430 \u0432\u0435\u0441\u044c \u0442\u0435\u0440\u043c\u0456\u043d \u043f\u0435\u0440\u0435\u0431\u0443\u0432\u0430\u043d\u043d\u044f<\/li>\n\n\n\n<li>\u041c\u0435\u0434\u0438\u0447\u043d\u0430 \u0441\u0442\u0440\u0430\u0445\u043e\u0432\u043a\u0430 \u0437 \u043f\u043e\u043a\u0440\u0438\u0442\u0442\u044f\u043c \u043c\u0456\u043d\u0456\u043c\u0443\u043c \u20ac30 000<\/li>\n\n\n\n<li>\u0424\u0456\u043d\u0430\u043d\u0441\u043e\u0432\u0456 \u0433\u0430\u0440\u0430\u043d\u0442\u0456\u0457 \u0430\u0431\u043e \u0434\u043e\u0432\u0456\u0434\u043a\u0430 \u0432\u0456\u0434 \u0440\u043e\u0431\u043e\u0442\u043e\u0434\u0430\u0432\u0446\u044f<\/li>\n\n\n\n<li>\u041c\u0430\u0440\u0448\u0440\u0443\u0442 \u043f\u043e\u0434\u043e\u0440\u043e\u0436\u0456, \u043a\u0432\u0438\u0442\u0430\u043d\u0446\u0456\u044f \u043a\u043e\u043d\u0441\u0443\u043b\u044c\u0441\u044c\u043a\u043e\u0433\u043e \u0437\u0431\u043e\u0440\u0443<\/li>\n\n\n\n<li>\u0417\u0430 \u0432\u0438\u043c\u043e\u0433\u043e\u044e \u2014 \u0434\u043e\u0432\u0456\u0434\u043a\u0430 \u043f\u0440\u043e \u043d\u0435\u0441\u0443\u0434\u0438\u043c\u0456\u0441\u0442\u044c \u0442\u0430 \u043f\u0440\u0438\u0441\u044f\u0436\u043d\u0438\u0439 \u043f\u0435\u0440\u0435\u043a\u043b\u0430\u0434<\/li>\n<\/ul>\n\n\n\n<hr class=\"wp-block-separator has-alpha-channel-opacity\"\/>\n\n\n\n<h3 class=\"wp-block-heading\"><strong>\u0422\u0435\u0440\u043c\u0456\u043d\u0438 \u043e\u0444\u043e\u0440\u043c\u043b\u0435\u043d\u043d\u044f<\/strong><\/h3>\n\n\n\n<ul class=\"wp-block-list\">\n<li>\u041f\u0456\u0434\u0433\u043e\u0442\u043e\u0432\u043a\u0430 \u0440\u043e\u0431\u043e\u0442\u043e\u0434\u0430\u0432\u0446\u044f: 1\u20132 \u0442\u0438\u0436\u043d\u0456<\/li>\n\n\n\n<li>\u0414\u043e\u0437\u0432\u0456\u043b \u0432\u0456\u0434 <em>\u00da\u0159ad pr\u00e1ce<\/em>: 2\u20134 \u0442\u0438\u0436\u043d\u0456<\/li>\n\n\n\n<li>\u0412\u0456\u0437\u0430 D: 4\u20138 \u0442\u0438\u0436\u043d\u0456\u0432 <strong>\u0417\u0430\u0433\u0430\u043b\u044c\u043d\u0438\u0439 \u0442\u0435\u0440\u043c\u0456\u043d \u2014 \u0431\u043b\u0438\u0437\u044c\u043a\u043e 2\u20133 \u043c\u0456\u0441\u044f\u0446\u0456\u0432<\/strong><\/li>\n<\/ul>\n\n\n\n<hr class=\"wp-block-separator has-alpha-channel-opacity\"\/>\n\n\n\n<h3 class=\"wp-block-heading\"><strong>\u0420\u0438\u0437\u0438\u043a\u0438 \u0442\u0430 \u043f\u043e\u0440\u0430\u0434\u0438<\/strong><\/h3>\n\n\n\n<ul class=\"wp-block-list\">\n<li>\u0414\u0430\u043d\u0456 \u0443 \u0434\u043e\u0437\u0432\u043e\u043b\u0456, \u0434\u043e\u0433\u043e\u0432\u043e\u0440\u0456 \u0439 \u0430\u043d\u043a\u0435\u0442\u0456 \u043f\u043e\u0432\u0438\u043d\u043d\u0456 \u0437\u0431\u0456\u0433\u0430\u0442\u0438\u0441\u044f<\/li>\n\n\n\n<li>\u041d\u0435\u043e\u0431\u0445\u0456\u0434\u043d\u043e \u043f\u0456\u0434\u0442\u0432\u0435\u0440\u0434\u0438\u0442\u0438 \u0436\u0438\u0442\u043b\u043e \u043d\u0430 \u0432\u0435\u0441\u044c \u0442\u0435\u0440\u043c\u0456\u043d<\/li>\n\n\n\n<li>\u0421\u0442\u0440\u0430\u0445\u0443\u0432\u0430\u043d\u043d\u044f \u043c\u0430\u0454 \u043f\u043e\u043a\u0440\u0438\u0432\u0430\u0442\u0438 \u043f\u043e\u0432\u043d\u0438\u0439 \u043f\u0435\u0440\u0456\u043e\u0434 \u0431\u0435\u0437 \u0444\u0440\u0430\u043d\u0448\u0438\u0437\u0438<\/li>\n\n\n\n<li>\u0420\u0435\u0454\u0441\u0442\u0440\u0430\u0446\u0456\u044f \u0430\u0434\u0440\u0435\u0441\u0438 \u043f\u0456\u0441\u043b\u044f \u043f\u0440\u0438\u0431\u0443\u0442\u0442\u044f \u2014 \u0434\u043e 3 \u0434\u043d\u0456\u0432<\/li>\n<\/ul>\n\n\n\n<hr class=\"wp-block-separator has-alpha-channel-opacity\"\/>\n\n\n\n<h3 class=\"wp-block-heading\"><strong>\u0414\u043e\u043f\u043e\u043c\u043e\u0433\u0430 \u0432\u0456\u0434 Eurowiza Sp. z o.o.<\/strong><\/h3>\n\n\n\n<ul class=\"wp-block-list\">\n<li>\u041f\u0456\u0434\u0431\u0456\u0440 \u0441\u0435\u0437\u043e\u043d\u043d\u043e\u0433\u043e \u0440\u043e\u0431\u043e\u0442\u043e\u0434\u0430\u0432\u0446\u044f<\/li>\n\n\n\n<li>\u041e\u0444\u043e\u0440\u043c\u043b\u0435\u043d\u043d\u044f \u0434\u043e\u0437\u0432\u043e\u043b\u0443 \u0432\u0456\u0434 <em>\u00da\u0159ad pr\u00e1ce \u010cR<\/em><\/li>\n\n\n\n<li>\u041f\u0456\u0434\u0433\u043e\u0442\u043e\u0432\u043a\u0430 \u043f\u043e\u0432\u043d\u043e\u0433\u043e \u043f\u0430\u043a\u0435\u0442\u0430 \u0434\u043e\u043a\u0443\u043c\u0435\u043d\u0442\u0456\u0432 \u0434\u043b\u044f \u0432\u0456\u0437\u0438 D<\/li>\n\n\n\n<li>\u041a\u043e\u043d\u0441\u0443\u043b\u044c\u0442\u0430\u0446\u0456\u0457 \u0442\u0430 \u0441\u0443\u043f\u0440\u043e\u0432\u0456\u0434 \u0434\u043e \u043f\u043e\u0447\u0430\u0442\u043a\u0443 \u0440\u043e\u0431\u043e\u0442\u0438<\/li>\n<\/ul>\n","protected":false},"excerpt":{"rendered":"<p>\u0421\u0435\u0437\u043e\u043d\u043d\u0430 \u0432\u0456\u0437\u0430 \u0442\u0438\u043f\u0443 D \u2014 \u0446\u0435 \u043e\u0444\u0456\u0446\u0456\u0439\u043d\u0438\u0439 \u0444\u043e\u0440\u043c\u0430\u0442 \u043f\u0440\u0430\u0446\u0435\u0432\u043b\u0430\u0448\u0442\u0443\u0432\u0430\u043d\u043d\u044f \u0432 \u0427\u0435\u0445\u0456\u0457 \u0441\u0442\u0440\u043e\u043a\u043e\u043c \u0434\u043e 6 \u043c\u0456\u0441\u044f\u0446\u0456\u0432 (180 \u0434\u043d\u0456\u0432) \u0443 \u043c\u0435\u0436\u0430\u0445 \u043a\u0430\u043b\u0435\u043d\u0434\u0430\u0440\u043d\u043e\u0433\u043e \u0440\u043e\u043a\u0443. \u0412\u043e\u043d\u0430 \u043e\u0444\u043e\u0440\u043c\u043b\u044e\u0454\u0442\u044c\u0441\u044f \u043d\u0430 \u043f\u0456\u0434\u0441\u0442\u0430\u0432\u0456 \u0434\u043e\u0437\u0432\u043e\u043b\u0443 \u043d\u0430 \u0440\u043e\u0431\u043e\u0442\u0443 (povolen\u00ed k zam\u011bstn\u00e1n\u00ed), \u044f\u043a\u0438\u0439 \u0432\u0438\u0434\u0430\u0454 \u00da\u0159ad pr\u00e1ce \u010cR. \u0426\u0435\u0439 \u0442\u0438\u043f \u0432\u0456\u0437\u0438 \u043f\u0456\u0434\u0445\u043e\u0434\u0438\u0442\u044c \u0434\u043b\u044f \u0442\u0438\u043c\u0447\u0430\u0441\u043e\u0432\u0438\u0445 \u0440\u043e\u0431\u0456\u0442 \u0443 \u0441\u0456\u043b\u044c\u0441\u044c\u043a\u043e\u043c\u0443 \u0433\u043e\u0441\u043f\u043e\u0434\u0430\u0440\u0441\u0442\u0432\u0456, \u043f\u0435\u0440\u0435\u0440\u043e\u0431\u0446\u0456, \u043b\u0456\u0441\u043e\u0432\u043e\u043c\u0443 \u0433\u043e\u0441\u043f\u043e\u0434\u0430\u0440\u0441\u0442\u0432\u0456 \u0442\u0430 \u0442\u0443\u0440\u0438\u0437\u043c\u0456. \u041a\u043e\u043c\u0443 \u043f\u0456\u0434\u0445\u043e\u0434\u0438\u0442\u044c \u041e\u0441\u043d\u043e\u0432\u043d\u0456 \u0443\u043c\u043e\u0432\u0438 [&hellip;]<\/p>\n","protected":false},"author":1,"featured_media":0,"parent":0,"menu_order":12,"comment_status":"closed","ping_status":"closed","template":"","meta":{"_acf_changed":false,"footnotes":""},"class_list":["post-2561","page","type-page","status-publish","hentry"],"acf":[],"yoast_head":"<!-- This site is optimized with the Yoast SEO plugin v27.4 - https:\/\/yoast.com\/product\/yoast-seo-wordpress\/ -->\n<title>\u0414\u043e\u0437\u0432\u0456\u043b \u043d\u0430 \u0441\u0435\u0437\u043e\u043d\u043d\u0456 \u0440\u043e\u0431\u043e\u0442\u0438 \u0432 \u0427\u0435\u0445\u0456\u0457 (\u0432\u0456\u0437\u0430 D \u0434\u043e 180 \u0434\u043d\u0456\u0432)<\/title>\n<meta name=\"robots\" content=\"index, follow, max-snippet:-1, max-image-preview:large, max-video-preview:-1\" \/>\n<link rel=\"canonical\" href=\"https:\/\/eurowiza.com\/uk\/seasonal-work-permit-in-the-czech-republic-visa-d-up-to-180-days\/\" \/>\n<meta property=\"og:locale\" content=\"uk_UA\" \/>\n<meta property=\"og:locale:alternate\" content=\"en_US\" \/>\n<meta property=\"og:locale:alternate\" content=\"pl_PL\" \/>\n<meta property=\"og:locale:alternate\" content=\"ru_RU\" \/>\n<meta property=\"og:type\" content=\"article\" \/>\n<meta property=\"og:title\" content=\"\u0414\u043e\u0437\u0432\u0456\u043b \u043d\u0430 \u0441\u0435\u0437\u043e\u043d\u043d\u0456 \u0440\u043e\u0431\u043e\u0442\u0438 \u0432 \u0427\u0435\u0445\u0456\u0457 (\u0432\u0456\u0437\u0430 D \u0434\u043e 180 \u0434\u043d\u0456\u0432)\" \/>\n<meta property=\"og:description\" content=\"\u0421\u0435\u0437\u043e\u043d\u043d\u0430 \u0432\u0456\u0437\u0430 \u0442\u0438\u043f\u0443 D \u2014 \u0446\u0435 \u043e\u0444\u0456\u0446\u0456\u0439\u043d\u0438\u0439 \u0444\u043e\u0440\u043c\u0430\u0442 \u043f\u0440\u0430\u0446\u0435\u0432\u043b\u0430\u0448\u0442\u0443\u0432\u0430\u043d\u043d\u044f \u0432 \u0427\u0435\u0445\u0456\u0457 \u0441\u0442\u0440\u043e\u043a\u043e\u043c \u0434\u043e 6 \u043c\u0456\u0441\u044f\u0446\u0456\u0432 (180 \u0434\u043d\u0456\u0432) \u0443 \u043c\u0435\u0436\u0430\u0445 \u043a\u0430\u043b\u0435\u043d\u0434\u0430\u0440\u043d\u043e\u0433\u043e \u0440\u043e\u043a\u0443. \u0412\u043e\u043d\u0430 \u043e\u0444\u043e\u0440\u043c\u043b\u044e\u0454\u0442\u044c\u0441\u044f \u043d\u0430 \u043f\u0456\u0434\u0441\u0442\u0430\u0432\u0456 \u0434\u043e\u0437\u0432\u043e\u043b\u0443 \u043d\u0430 \u0440\u043e\u0431\u043e\u0442\u0443 (povolen\u00ed k zam\u011bstn\u00e1n\u00ed), \u044f\u043a\u0438\u0439 \u0432\u0438\u0434\u0430\u0454 \u00da\u0159ad pr\u00e1ce \u010cR. \u0426\u0435\u0439 \u0442\u0438\u043f \u0432\u0456\u0437\u0438 \u043f\u0456\u0434\u0445\u043e\u0434\u0438\u0442\u044c \u0434\u043b\u044f \u0442\u0438\u043c\u0447\u0430\u0441\u043e\u0432\u0438\u0445 \u0440\u043e\u0431\u0456\u0442 \u0443 \u0441\u0456\u043b\u044c\u0441\u044c\u043a\u043e\u043c\u0443 \u0433\u043e\u0441\u043f\u043e\u0434\u0430\u0440\u0441\u0442\u0432\u0456, \u043f\u0435\u0440\u0435\u0440\u043e\u0431\u0446\u0456, \u043b\u0456\u0441\u043e\u0432\u043e\u043c\u0443 \u0433\u043e\u0441\u043f\u043e\u0434\u0430\u0440\u0441\u0442\u0432\u0456 \u0442\u0430 \u0442\u0443\u0440\u0438\u0437\u043c\u0456. \u041a\u043e\u043c\u0443 \u043f\u0456\u0434\u0445\u043e\u0434\u0438\u0442\u044c \u041e\u0441\u043d\u043e\u0432\u043d\u0456 \u0443\u043c\u043e\u0432\u0438 [&hellip;]\" \/>\n<meta property=\"og:url\" content=\"https:\/\/eurowiza.com\/uk\/seasonal-work-permit-in-the-czech-republic-visa-d-up-to-180-days\/\" \/>\n<meta property=\"og:site_name\" content=\"Eurowiza\" \/>\n<meta property=\"article:modified_time\" content=\"2026-02-05T10:07:42+00:00\" \/>\n<meta name=\"twitter:card\" content=\"summary_large_image\" \/>\n<meta name=\"twitter:label1\" content=\"\u041f\u0440\u0438\u0431\u043b. \u0447\u0430\u0441 \u0447\u0438\u0442\u0430\u043d\u043d\u044f\" \/>\n\t<meta name=\"twitter:data1\" content=\"3 \u0445\u0432\u0438\u043b\u0438\u043d\u0438\" \/>\n<script type=\"application\/ld+json\" class=\"yoast-schema-graph\">{\"@context\":\"https:\\\/\\\/schema.org\",\"@graph\":[{\"@type\":\"WebPage\",\"@id\":\"https:\\\/\\\/eurowiza.com\\\/ru\\\/seasonal-work-permit-in-the-czech-republic-visa-d-up-to-180-days\\\/\",\"url\":\"https:\\\/\\\/eurowiza.com\\\/ru\\\/seasonal-work-permit-in-the-czech-republic-visa-d-up-to-180-days\\\/\",\"name\":\"\u0414\u043e\u0437\u0432\u0456\u043b \u043d\u0430 \u0441\u0435\u0437\u043e\u043d\u043d\u0456 \u0440\u043e\u0431\u043e\u0442\u0438 \u0432 \u0427\u0435\u0445\u0456\u0457 (\u0432\u0456\u0437\u0430 D \u0434\u043e 180 \u0434\u043d\u0456\u0432)\",\"isPartOf\":{\"@id\":\"https:\\\/\\\/eurowiza.com\\\/#website\"},\"datePublished\":\"2025-09-30T23:31:56+00:00\",\"dateModified\":\"2026-02-05T10:07:42+00:00\",\"breadcrumb\":{\"@id\":\"https:\\\/\\\/eurowiza.com\\\/ru\\\/seasonal-work-permit-in-the-czech-republic-visa-d-up-to-180-days\\\/#breadcrumb\"},\"inLanguage\":\"uk\",\"potentialAction\":[{\"@type\":\"ReadAction\",\"target\":[\"https:\\\/\\\/eurowiza.com\\\/ru\\\/seasonal-work-permit-in-the-czech-republic-visa-d-up-to-180-days\\\/\"]}]},{\"@type\":\"BreadcrumbList\",\"@id\":\"https:\\\/\\\/eurowiza.com\\\/ru\\\/seasonal-work-permit-in-the-czech-republic-visa-d-up-to-180-days\\\/#breadcrumb\",\"itemListElement\":[{\"@type\":\"ListItem\",\"position\":1,\"name\":\"\u0413\u043b\u0430\u0432\u043d\u0430\u044f \u0441\u0442\u0440\u0430\u043d\u0438\u0446\u0430\",\"item\":\"https:\\\/\\\/eurowiza.com\\\/en\\\/\"},{\"@type\":\"ListItem\",\"position\":2,\"name\":\"\u0420\u0430\u0437\u0440\u0435\u0448\u0435\u043d\u0438\u0435 \u043d\u0430 \u0441\u0435\u0437\u043e\u043d\u043d\u044b\u0435 \u0440\u0430\u0431\u043e\u0442\u044b \u0432 \u0427\u0435\u0445\u0438\u0438 (\u0432\u0438\u0437\u0430 D \u0434\u043e 180 \u0434\u043d\u0435\u0439)\"}]},{\"@type\":\"WebSite\",\"@id\":\"https:\\\/\\\/eurowiza.com\\\/#website\",\"url\":\"https:\\\/\\\/eurowiza.com\\\/\",\"name\":\"Eurowiza\",\"description\":\"\u0420\u043e\u0431\u043e\u0447\u0435 \u0437\u0430\u043f\u0440\u043e\u0448\u0435\u043d\u043d\u044f, \u0432\u0456\u0437\u0430, \u043f\u0440\u0430\u0446\u0435\u0432\u043b\u0430\u0448\u0442\u0443\u0432\u0430\u043d\u043d\u044f\",\"potentialAction\":[{\"@type\":\"SearchAction\",\"target\":{\"@type\":\"EntryPoint\",\"urlTemplate\":\"https:\\\/\\\/eurowiza.com\\\/?s={search_term_string}\"},\"query-input\":{\"@type\":\"PropertyValueSpecification\",\"valueRequired\":true,\"valueName\":\"search_term_string\"}}],\"inLanguage\":\"uk\"}]}<\/script>\n<!-- \/ Yoast SEO plugin. -->","yoast_head_json":{"title":"\u0414\u043e\u0437\u0432\u0456\u043b \u043d\u0430 \u0441\u0435\u0437\u043e\u043d\u043d\u0456 \u0440\u043e\u0431\u043e\u0442\u0438 \u0432 \u0427\u0435\u0445\u0456\u0457 (\u0432\u0456\u0437\u0430 D \u0434\u043e 180 \u0434\u043d\u0456\u0432)","robots":{"index":"index","follow":"follow","max-snippet":"max-snippet:-1","max-image-preview":"max-image-preview:large","max-video-preview":"max-video-preview:-1"},"canonical":"https:\/\/eurowiza.com\/uk\/seasonal-work-permit-in-the-czech-republic-visa-d-up-to-180-days\/","og_locale":"uk_UA","og_type":"article","og_title":"[:en]Seasonal Work Permit in the Czech Republic (Visa D up to 180 Days)[:uk]\u0414\u043e\u0437\u0432\u0456\u043b \u043d\u0430 \u0441\u0435\u0437\u043e\u043d\u043d\u0456 \u0440\u043e\u0431\u043e\u0442\u0438 \u0432 \u0427\u0435\u0445\u0456\u0457 (\u0432\u0456\u0437\u0430 D \u0434\u043e 180 \u0434\u043d\u0456\u0432)[:pl]Zezwolenie na prac\u0119 sezonow\u0105 w Czechach (wiza D do 180 dni)[:ru]\u0420\u0430\u0437\u0440\u0435\u0448\u0435\u043d\u0438\u0435 \u043d\u0430 \u0441\u0435\u0437\u043e\u043d\u043d\u044b\u0435 \u0440\u0430\u0431\u043e\u0442\u044b \u0432 \u0427\u0435\u0445\u0438\u0438 (\u0432\u0438\u0437\u0430 D \u0434\u043e 180 \u0434\u043d\u0435\u0439)[:] - Eurowiza","og_description":"\u0421\u0435\u0437\u043e\u043d\u043d\u0430 \u0432\u0456\u0437\u0430 \u0442\u0438\u043f\u0443 D \u2014 \u0446\u0435 \u043e\u0444\u0456\u0446\u0456\u0439\u043d\u0438\u0439 \u0444\u043e\u0440\u043c\u0430\u0442 \u043f\u0440\u0430\u0446\u0435\u0432\u043b\u0430\u0448\u0442\u0443\u0432\u0430\u043d\u043d\u044f \u0432 \u0427\u0435\u0445\u0456\u0457 \u0441\u0442\u0440\u043e\u043a\u043e\u043c \u0434\u043e 6 \u043c\u0456\u0441\u044f\u0446\u0456\u0432 (180 \u0434\u043d\u0456\u0432) \u0443 \u043c\u0435\u0436\u0430\u0445 \u043a\u0430\u043b\u0435\u043d\u0434\u0430\u0440\u043d\u043e\u0433\u043e \u0440\u043e\u043a\u0443. \u0412\u043e\u043d\u0430 \u043e\u0444\u043e\u0440\u043c\u043b\u044e\u0454\u0442\u044c\u0441\u044f \u043d\u0430 \u043f\u0456\u0434\u0441\u0442\u0430\u0432\u0456 \u0434\u043e\u0437\u0432\u043e\u043b\u0443 \u043d\u0430 \u0440\u043e\u0431\u043e\u0442\u0443 (povolen\u00ed k zam\u011bstn\u00e1n\u00ed), \u044f\u043a\u0438\u0439 \u0432\u0438\u0434\u0430\u0454 \u00da\u0159ad pr\u00e1ce \u010cR. \u0426\u0435\u0439 \u0442\u0438\u043f \u0432\u0456\u0437\u0438 \u043f\u0456\u0434\u0445\u043e\u0434\u0438\u0442\u044c \u0434\u043b\u044f \u0442\u0438\u043c\u0447\u0430\u0441\u043e\u0432\u0438\u0445 \u0440\u043e\u0431\u0456\u0442 \u0443 \u0441\u0456\u043b\u044c\u0441\u044c\u043a\u043e\u043c\u0443 \u0433\u043e\u0441\u043f\u043e\u0434\u0430\u0440\u0441\u0442\u0432\u0456, \u043f\u0435\u0440\u0435\u0440\u043e\u0431\u0446\u0456, \u043b\u0456\u0441\u043e\u0432\u043e\u043c\u0443 \u0433\u043e\u0441\u043f\u043e\u0434\u0430\u0440\u0441\u0442\u0432\u0456 \u0442\u0430 \u0442\u0443\u0440\u0438\u0437\u043c\u0456. \u041a\u043e\u043c\u0443 \u043f\u0456\u0434\u0445\u043e\u0434\u0438\u0442\u044c \u041e\u0441\u043d\u043e\u0432\u043d\u0456 \u0443\u043c\u043e\u0432\u0438 [&hellip;]","og_url":"https:\/\/eurowiza.com\/uk\/seasonal-work-permit-in-the-czech-republic-visa-d-up-to-180-days\/","og_site_name":"Eurowiza","article_modified_time":"2026-02-05T10:07:42+00:00","twitter_card":"summary_large_image","twitter_misc":{"\u041f\u0440\u0438\u0431\u043b. \u0447\u0430\u0441 \u0447\u0438\u0442\u0430\u043d\u043d\u044f":"3 \u0445\u0432\u0438\u043b\u0438\u043d\u0438"},"schema":{"@context":"https:\/\/schema.org","@graph":[{"@type":"WebPage","@id":"https:\/\/eurowiza.com\/ru\/seasonal-work-permit-in-the-czech-republic-visa-d-up-to-180-days\/","url":"https:\/\/eurowiza.com\/ru\/seasonal-work-permit-in-the-czech-republic-visa-d-up-to-180-days\/","name":"\u0414\u043e\u0437\u0432\u0456\u043b \u043d\u0430 \u0441\u0435\u0437\u043e\u043d\u043d\u0456 \u0440\u043e\u0431\u043e\u0442\u0438 \u0432 \u0427\u0435\u0445\u0456\u0457 (\u0432\u0456\u0437\u0430 D \u0434\u043e 180 \u0434\u043d\u0456\u0432)","isPartOf":{"@id":"https:\/\/eurowiza.com\/#website"},"datePublished":"2025-09-30T23:31:56+00:00","dateModified":"2026-02-05T10:07:42+00:00","breadcrumb":{"@id":"https:\/\/eurowiza.com\/ru\/seasonal-work-permit-in-the-czech-republic-visa-d-up-to-180-days\/#breadcrumb"},"inLanguage":"uk","potentialAction":[{"@type":"ReadAction","target":["https:\/\/eurowiza.com\/ru\/seasonal-work-permit-in-the-czech-republic-visa-d-up-to-180-days\/"]}]},{"@type":"BreadcrumbList","@id":"https:\/\/eurowiza.com\/ru\/seasonal-work-permit-in-the-czech-republic-visa-d-up-to-180-days\/#breadcrumb","itemListElement":[{"@type":"ListItem","position":1,"name":"\u0413\u043b\u0430\u0432\u043d\u0430\u044f \u0441\u0442\u0440\u0430\u043d\u0438\u0446\u0430","item":"https:\/\/eurowiza.com\/en\/"},{"@type":"ListItem","position":2,"name":"\u0420\u0430\u0437\u0440\u0435\u0448\u0435\u043d\u0438\u0435 \u043d\u0430 \u0441\u0435\u0437\u043e\u043d\u043d\u044b\u0435 \u0440\u0430\u0431\u043e\u0442\u044b \u0432 \u0427\u0435\u0445\u0438\u0438 (\u0432\u0438\u0437\u0430 D \u0434\u043e 180 \u0434\u043d\u0435\u0439)"}]},{"@type":"WebSite","@id":"https:\/\/eurowiza.com\/#website","url":"https:\/\/eurowiza.com\/","name":"Eurowiza","description":"\u0420\u043e\u0431\u043e\u0447\u0435 \u0437\u0430\u043f\u0440\u043e\u0448\u0435\u043d\u043d\u044f, \u0432\u0456\u0437\u0430, \u043f\u0440\u0430\u0446\u0435\u0432\u043b\u0430\u0448\u0442\u0443\u0432\u0430\u043d\u043d\u044f","potentialAction":[{"@type":"SearchAction","target":{"@type":"EntryPoint","urlTemplate":"https:\/\/eurowiza.com\/?s={search_term_string}"},"query-input":{"@type":"PropertyValueSpecification","valueRequired":true,"valueName":"search_term_string"}}],"inLanguage":"uk"}]}},"_links":{"self":[{"href":"https:\/\/eurowiza.com\/uk\/wp-json\/wp\/v2\/pages\/2561","targetHints":{"allow":["GET"]}}],"collection":[{"href":"https:\/\/eurowiza.com\/uk\/wp-json\/wp\/v2\/pages"}],"about":[{"href":"https:\/\/eurowiza.com\/uk\/wp-json\/wp\/v2\/types\/page"}],"author":[{"embeddable":true,"href":"https:\/\/eurowiza.com\/uk\/wp-json\/wp\/v2\/users\/1"}],"replies":[{"embeddable":true,"href":"https:\/\/eurowiza.com\/uk\/wp-json\/wp\/v2\/comments?post=2561"}],"version-history":[{"count":13,"href":"https:\/\/eurowiza.com\/uk\/wp-json\/wp\/v2\/pages\/2561\/revisions"}],"predecessor-version":[{"id":4721,"href":"https:\/\/eurowiza.com\/uk\/wp-json\/wp\/v2\/pages\/2561\/revisions\/4721"}],"wp:attachment":[{"href":"https:\/\/eurowiza.com\/uk\/wp-json\/wp\/v2\/media?parent=2561"}],"curies":[{"name":"wp","href":"https:\/\/api.w.org\/{rel}","templated":true}]}}