{"id":2915,"date":"2025-10-03T17:26:57","date_gmt":"2025-10-03T14:26:57","guid":{"rendered":"https:\/\/eurowiza.com\/ru\/?page_id=2915"},"modified":"2026-02-05T13:54:18","modified_gmt":"2026-02-05T10:54:18","slug":"voivodeship-visa-for-36-months-work-permit-from-a-transport-company","status":"publish","type":"page","link":"https:\/\/eurowiza.com\/uk\/voivodeship-visa-for-36-months-work-permit-from-a-transport-company\/","title":{"rendered":"\u0412\u043e\u0454\u0432\u043e\u0434\u0441\u044c\u043a\u0430 \u0432\u0456\u0437\u0430 \u043d\u0430 36 \u043c\u0456\u0441\u044f\u0446\u0456\u0432 (\u0434\u043e\u0437\u0432\u0456\u043b \u043d\u0430 \u0440\u043e\u0431\u043e\u0442\u0443 \u0432\u0456\u0434 \u0442\u0440\u0430\u043d\u0441\u043f\u043e\u0440\u0442\u043d\u043e\u0457 \u043a\u043e\u043c\u043f\u0430\u043d\u0456\u0457)"},"content":{"rendered":"\n<p><strong>\u0412\u043e\u0454\u0432\u043e\u0434\u0441\u044c\u043a\u0430 \u0432\u0456\u0437\u0430 \u0442\u0438\u043f\u0443 D<\/strong> \u2014 \u0446\u0435 \u043d\u0430\u0446\u0456\u043e\u043d\u0430\u043b\u044c\u043d\u0430 \u0440\u043e\u0431\u043e\u0447\u0430 \u0432\u0456\u0437\u0430, \u0437\u0430 \u044f\u043a\u043e\u044e \u0432\u0438 \u043c\u043e\u0436\u0435\u0442\u0435 \u043e\u0444\u0456\u0446\u0456\u0439\u043d\u043e \u0436\u0438\u0442\u0438 \u0442\u0430 \u043f\u0440\u0430\u0446\u044e\u0432\u0430\u0442\u0438 \u0432 \u041f\u043e\u043b\u044c\u0449\u0456 \u0442\u0440\u0438\u0432\u0430\u043b\u0438\u0439 \u0447\u0430\u0441 (\u0434\u043e 36 \u043c\u0456\u0441\u044f\u0446\u0456\u0432).<\/p>\n\n\n\n<p>\u0407\u0457 \u0432\u0438\u0434\u0430\u044e\u0442\u044c \u043d\u0430 \u043f\u0456\u0434\u0441\u0442\u0430\u0432\u0456 <strong>\u0434\u043e\u0437\u0432\u043e\u043b\u0443 \u043d\u0430 \u0440\u043e\u0431\u043e\u0442\u0443 (Zezwolenie na prac\u0119 typ A)<\/strong>, \u044f\u043a\u0438\u0439 \u043e\u0444\u043e\u0440\u043c\u043b\u044e\u0454 \u0432\u043e\u0454\u0432\u043e\u0434\u0441\u044c\u043a\u0435 \u0443\u043f\u0440\u0430\u0432\u043b\u0456\u043d\u043d\u044f \u043d\u0430 \u0437\u0430\u043f\u0438\u0442 \u0432\u0430\u0448\u043e\u0433\u043e \u0440\u043e\u0431\u043e\u0442\u043e\u0434\u0430\u0432\u0446\u044f.<\/p>\n\n\n\n<p>\u0423 \u0434\u043e\u043a\u0443\u043c\u0435\u043d\u0442\u0456 \u0447\u0456\u0442\u043a\u043e \u0432\u043a\u0430\u0437\u0430\u043d\u043e \u043a\u043e\u043d\u043a\u0440\u0435\u0442\u043d\u043e\u0433\u043e \u0440\u043e\u0431\u043e\u0442\u043e\u0434\u0430\u0432\u0446\u044f, \u043f\u043e\u0441\u0430\u0434\u0443, \u0442\u0435\u0440\u043c\u0456\u043d \u0456 \u0443\u043c\u043e\u0432\u0438 \u043f\u0440\u0430\u0446\u0456. \u0417\u043c\u0456\u043d\u044e\u0432\u0430\u0442\u0438 \u0440\u043e\u0431\u043e\u0442\u043e\u0434\u0430\u0432\u0446\u044f \u0431\u0435\u0437 \u043d\u043e\u0432\u043e\u0433\u043e \u0434\u043e\u0437\u0432\u043e\u043b\u0443 \u043d\u0435 \u043c\u043e\u0436\u043d\u0430.<\/p>\n\n\n\n<p>\u041d\u0430\u0439\u0447\u0430\u0441\u0442\u0456\u0448\u0435 \u0442\u0430\u043a\u0430 \u0432\u0456\u0437\u0430 \u043f\u043e\u0442\u0440\u0456\u0431\u043d\u0430 <strong>\u0432\u043e\u0434\u0456\u044f\u043c \u043c\u0456\u0436\u043d\u0430\u0440\u043e\u0434\u043d\u0438\u0445 \u043f\u0435\u0440\u0435\u0432\u0435\u0437\u0435\u043d\u044c (\u043a\u0430\u0442\u0435\u0433\u043e\u0440\u0456\u0457 C\/CE)<\/strong>, \u0430\u043b\u0435 \u043c\u043e\u0436\u0435 \u0432\u0438\u043a\u043e\u0440\u0438\u0441\u0442\u043e\u0432\u0443\u0432\u0430\u0442\u0438\u0441\u044f \u0439 \u0456\u043d\u0448\u0438\u043c\u0438 \u0441\u043f\u0435\u0446\u0456\u0430\u043b\u0456\u0441\u0442\u0430\u043c\u0438, \u044f\u043a\u0449\u043e \u0440\u043e\u0431\u043e\u0442\u043e\u0434\u0430\u0432\u0435\u0446\u044c \u043f\u043e\u0442\u0440\u0435\u0431\u0443\u0454 \u0442\u0440\u0438\u0432\u0430\u043b\u043e\u0433\u043e \u043e\u0444\u043e\u0440\u043c\u043b\u0435\u043d\u043d\u044f.<\/p>\n\n\n\n<hr class=\"wp-block-separator has-alpha-channel-opacity\"\/>\n\n\n\n<h3 class=\"wp-block-heading\"><strong>\u041a\u043e\u043c\u0443 \u043f\u0456\u0434\u0445\u043e\u0434\u0438\u0442\u044c<\/strong><\/h3>\n\n\n\n<ul class=\"wp-block-list\">\n<li>\u2022 \u0412\u043e\u0434\u0456\u044f\u043c \u0432\u0430\u043d\u0442\u0430\u0436\u043d\u0438\u0445 \u0430\u0432\u0442\u043e\u043c\u043e\u0431\u0456\u043b\u0456\u0432 \u0456 \u0442\u044f\u0433\u0430\u0447\u0456\u0432 (\u043a\u0430\u0442\u0435\u0433\u043e\u0440\u0456\u0457 C\/CE).<\/li>\n\n\n\n<li>\u2022 \u041a\u0430\u043d\u0434\u0438\u0434\u0430\u0442\u0430\u043c, \u044f\u043a\u0456 \u0448\u0443\u043a\u0430\u044e\u0442\u044c \u0441\u0442\u0430\u0431\u0456\u043b\u044c\u043d\u0443 \u0434\u043e\u0432\u0433\u043e\u0441\u0442\u0440\u043e\u043a\u043e\u0432\u0443 \u0440\u043e\u0431\u043e\u0442\u0443 \u0432 \u041f\u043e\u043b\u044c\u0449\u0456.<\/li>\n\n\n\n<li>\u2022 \u041f\u0440\u0430\u0446\u0456\u0432\u043d\u0438\u043a\u0430\u043c, \u044f\u043a\u0456 \u0445\u043e\u0447\u0443\u0442\u044c \u043f\u043e\u0432\u2019\u044f\u0437\u0430\u0442\u0438 \u043a\u0430\u0440\u2019\u0454\u0440\u0443 \u0437 \u0442\u0440\u0430\u043d\u0441\u043f\u043e\u0440\u0442\u043d\u043e\u044e \u0433\u0430\u043b\u0443\u0437\u0437\u044e.<\/li>\n<\/ul>\n\n\n\n<hr class=\"wp-block-separator has-alpha-channel-opacity\"\/>\n\n\n\n<h3 class=\"wp-block-heading\"><strong>\u0414\u043e\u043a\u0443\u043c\u0435\u043d\u0442\u0438 \u0432\u0456\u0434 \u0440\u043e\u0431\u043e\u0442\u043e\u0434\u0430\u0432\u0446\u044f<\/strong><\/h3>\n\n\n\n<ul class=\"wp-block-list\">\n<li>\u2022 \u041e\u0440\u0438\u0433\u0456\u043d\u0430\u043b \u0434\u043e\u0437\u0432\u043e\u043b\u0443 \u043d\u0430 \u0440\u043e\u0431\u043e\u0442\u0443 \u0432\u0456\u0434 \u0432\u043e\u0454\u0432\u043e\u0434\u0438 (\u0434\u043e 36 \u043c\u0456\u0441\u044f\u0446\u0456\u0432).<\/li>\n\n\n\n<li>\u2022 \u0422\u0440\u0443\u0434\u043e\u0432\u0438\u0439 \u0434\u043e\u0433\u043e\u0432\u0456\u0440 \u0430\u0431\u043e \u043a\u043e\u043d\u0442\u0440\u0430\u043a\u0442.<\/li>\n\n\n\n<li>\u2022 \u0420\u0435\u0454\u0441\u0442\u0440\u0430\u0446\u0456\u0439\u043d\u0456 \u0434\u0430\u043d\u0456 \u0442\u0440\u0430\u043d\u0441\u043f\u043e\u0440\u0442\u043d\u043e\u0457 \u043a\u043e\u043c\u043f\u0430\u043d\u0456\u0457 (<strong>KRS\/CEIDG, NIP, REGON<\/strong>).<\/li>\n<\/ul>\n\n\n\n<hr class=\"wp-block-separator has-alpha-channel-opacity\"\/>\n\n\n\n<h3 class=\"wp-block-heading\"><strong>\u0414\u043e\u043a\u0443\u043c\u0435\u043d\u0442\u0438 \u0432\u0456\u0434 \u043a\u0430\u043d\u0434\u0438\u0434\u0430\u0442\u0430<\/strong><\/h3>\n\n\n\n<ul class=\"wp-block-list\">\n<li>\u0417\u0430\u043a\u043e\u0440\u0434\u043e\u043d\u043d\u0438\u0439 \u043f\u0430\u0441\u043f\u043e\u0440\u0442 (\u0442\u0435\u0440\u043c\u0456\u043d \u0434\u0456\u0457 \u0449\u043e\u043d\u0430\u0439\u043c\u0435\u043d\u0448\u0435 3 \u0440\u043e\u043a\u0438).<\/li>\n\n\n\n<li>\u0424\u043e\u0442\u043e 3,5\u00d74,5 \u0441\u043c.<\/li>\n\n\n\n<li>\u0412\u0456\u0437\u043e\u0432\u0430 \u0430\u043d\u043a\u0435\u0442\u0430.<\/li>\n\n\n\n<li>\u041c\u0435\u0434\u0438\u0447\u043d\u0435 \u0441\u0442\u0440\u0430\u0445\u0443\u0432\u0430\u043d\u043d\u044f \u043d\u0430 \u0432\u0435\u0441\u044c \u043f\u0435\u0440\u0456\u043e\u0434 \u0434\u0456\u0457 \u0432\u0456\u0437\u0438 (\u043c\u0456\u043d\u0456\u043c\u0443\u043c \u20ac30 000).<\/li>\n\n\n\n<li>\u041f\u0456\u0434\u0442\u0432\u0435\u0440\u0434\u0436\u0435\u043d\u043d\u044f \u0436\u0438\u0442\u043b\u0430 \u0442\u0430 \u0444\u0456\u043d\u0430\u043d\u0441\u043e\u0432\u0438\u0445 \u0437\u0430\u0441\u043e\u0431\u0456\u0432 (\u0437\u0430 \u0432\u0438\u043c\u043e\u0433\u043e\u044e \u043a\u043e\u043d\u0441\u0443\u043b\u044c\u0441\u0442\u0432\u0430).<\/li>\n<\/ul>\n\n\n\n<hr class=\"wp-block-separator has-alpha-channel-opacity\"\/>\n\n\n\n<h3 class=\"wp-block-heading\"><strong>\u0422\u0435\u0440\u043c\u0456\u043d\u0438 \u043e\u0444\u043e\u0440\u043c\u043b\u0435\u043d\u043d\u044f<\/strong><\/h3>\n\n\n\n<ul class=\"wp-block-list\">\n<li>\u0414\u043e\u0437\u0432\u0456\u043b \u043d\u0430 \u0440\u043e\u0431\u043e\u0442\u0443 \u0432\u0456\u0434 \u0432\u043e\u0454\u0432\u043e\u0434\u0438 \u2014 <strong>6\u201312 \u0442\u0438\u0436\u043d\u0456\u0432<\/strong>.<\/li>\n\n\n\n<li>\u0412\u0456\u0437\u0430 \u0432 \u043a\u043e\u043d\u0441\u0443\u043b\u044c\u0441\u0442\u0432\u0456 \u2014 <strong>2\u20134 \u0442\u0438\u0436\u043d\u0456<\/strong>.<\/li>\n\n\n\n<li>\u0417\u0430\u0433\u0430\u043b\u044c\u043d\u0430 \u0442\u0440\u0438\u0432\u0430\u043b\u0456\u0441\u0442\u044c \u043f\u0440\u043e\u0446\u0435\u0434\u0443\u0440\u0438 \u2014 <strong>2\u20134 \u043c\u0456\u0441\u044f\u0446\u0456<\/strong>.<\/li>\n<\/ul>\n\n\n\n<hr class=\"wp-block-separator has-alpha-channel-opacity\"\/>\n\n\n\n<h3 class=\"wp-block-heading\"><strong>\u041e\u0441\u043e\u0431\u043b\u0438\u0432\u043e\u0441\u0442\u0456<\/strong><\/h3>\n\n\n\n<ul class=\"wp-block-list\">\n<li>\u0412\u0456\u0437\u0430 \u043f\u0440\u0438\u0432\u2019\u044f\u0437\u0430\u043d\u0430 \u0434\u043e \u043e\u0434\u043d\u043e\u0433\u043e \u0440\u043e\u0431\u043e\u0442\u043e\u0434\u0430\u0432\u0446\u044f.<\/li>\n\n\n\n<li>\u0417\u043c\u0456\u043d\u0430 \u0440\u043e\u0431\u043e\u0442\u043e\u0434\u0430\u0432\u0446\u044f \u043f\u043e\u0442\u0440\u0435\u0431\u0443\u0454 \u043d\u043e\u0432\u043e\u0433\u043e \u0434\u043e\u0437\u0432\u043e\u043b\u0443.<\/li>\n\n\n\n<li>\u041c\u0430\u043a\u0441\u0438\u043c\u0430\u043b\u044c\u043d\u0438\u0439 \u0442\u0435\u0440\u043c\u0456\u043d \u0434\u0456\u0457 \u2014 <strong>36 \u043c\u0456\u0441\u044f\u0446\u0456\u0432<\/strong>, \u043f\u0456\u0441\u043b\u044f \u0447\u043e\u0433\u043e \u043e\u0444\u043e\u0440\u043c\u043b\u044e\u0454\u0442\u044c\u0441\u044f \u043d\u043e\u0432\u0438\u0439 \u0434\u043e\u0437\u0432\u0456\u043b.<\/li>\n<\/ul>\n","protected":false},"excerpt":{"rendered":"<p>\u0412\u043e\u0454\u0432\u043e\u0434\u0441\u044c\u043a\u0430 \u0432\u0456\u0437\u0430 \u0442\u0438\u043f\u0443 D \u2014 \u0446\u0435 \u043d\u0430\u0446\u0456\u043e\u043d\u0430\u043b\u044c\u043d\u0430 \u0440\u043e\u0431\u043e\u0447\u0430 \u0432\u0456\u0437\u0430, \u0437\u0430 \u044f\u043a\u043e\u044e \u0432\u0438 \u043c\u043e\u0436\u0435\u0442\u0435 \u043e\u0444\u0456\u0446\u0456\u0439\u043d\u043e \u0436\u0438\u0442\u0438 \u0442\u0430 \u043f\u0440\u0430\u0446\u044e\u0432\u0430\u0442\u0438 \u0432 \u041f\u043e\u043b\u044c\u0449\u0456 \u0442\u0440\u0438\u0432\u0430\u043b\u0438\u0439 \u0447\u0430\u0441 (\u0434\u043e 36 \u043c\u0456\u0441\u044f\u0446\u0456\u0432). \u0407\u0457 \u0432\u0438\u0434\u0430\u044e\u0442\u044c \u043d\u0430 \u043f\u0456\u0434\u0441\u0442\u0430\u0432\u0456 \u0434\u043e\u0437\u0432\u043e\u043b\u0443 \u043d\u0430 \u0440\u043e\u0431\u043e\u0442\u0443 (Zezwolenie na prac\u0119 typ A), \u044f\u043a\u0438\u0439 \u043e\u0444\u043e\u0440\u043c\u043b\u044e\u0454 \u0432\u043e\u0454\u0432\u043e\u0434\u0441\u044c\u043a\u0435 \u0443\u043f\u0440\u0430\u0432\u043b\u0456\u043d\u043d\u044f \u043d\u0430 \u0437\u0430\u043f\u0438\u0442 \u0432\u0430\u0448\u043e\u0433\u043e \u0440\u043e\u0431\u043e\u0442\u043e\u0434\u0430\u0432\u0446\u044f. \u0423 \u0434\u043e\u043a\u0443\u043c\u0435\u043d\u0442\u0456 \u0447\u0456\u0442\u043a\u043e \u0432\u043a\u0430\u0437\u0430\u043d\u043e \u043a\u043e\u043d\u043a\u0440\u0435\u0442\u043d\u043e\u0433\u043e \u0440\u043e\u0431\u043e\u0442\u043e\u0434\u0430\u0432\u0446\u044f, \u043f\u043e\u0441\u0430\u0434\u0443, \u0442\u0435\u0440\u043c\u0456\u043d \u0456 \u0443\u043c\u043e\u0432\u0438 \u043f\u0440\u0430\u0446\u0456. [&hellip;]<\/p>\n","protected":false},"author":1,"featured_media":0,"parent":0,"menu_order":4,"comment_status":"closed","ping_status":"closed","template":"","meta":{"_acf_changed":false,"footnotes":""},"class_list":["post-2915","page","type-page","status-publish","hentry"],"acf":[],"yoast_head":"<!-- This site is optimized with the Yoast SEO plugin v27.4 - https:\/\/yoast.com\/product\/yoast-seo-wordpress\/ -->\n<title>\u0412\u043e\u0454\u0432\u043e\u0434\u0441\u044c\u043a\u0430 \u0432\u0456\u0437\u0430 \u043d\u0430 36 \u043c\u0456\u0441\u044f\u0446\u0456\u0432 (\u0434\u043e\u0437\u0432\u0456\u043b \u043d\u0430 \u0440\u043e\u0431\u043e\u0442\u0443 \u0432\u0456\u0434 \u0442\u0440\u0430\u043d\u0441\u043f\u043e\u0440\u0442\u043d\u043e\u0457 \u043a\u043e\u043c\u043f\u0430\u043d\u0456\u0457)<\/title>\n<meta name=\"robots\" content=\"index, follow, max-snippet:-1, max-image-preview:large, max-video-preview:-1\" \/>\n<link rel=\"canonical\" href=\"https:\/\/eurowiza.com\/uk\/voivodeship-visa-for-36-months-work-permit-from-a-transport-company\/\" \/>\n<meta property=\"og:locale\" content=\"uk_UA\" \/>\n<meta property=\"og:locale:alternate\" content=\"en_US\" \/>\n<meta property=\"og:locale:alternate\" content=\"pl_PL\" \/>\n<meta property=\"og:locale:alternate\" content=\"ru_RU\" \/>\n<meta property=\"og:type\" content=\"article\" \/>\n<meta property=\"og:title\" content=\"\u0412\u043e\u0454\u0432\u043e\u0434\u0441\u044c\u043a\u0430 \u0432\u0456\u0437\u0430 \u043d\u0430 36 \u043c\u0456\u0441\u044f\u0446\u0456\u0432 (\u0434\u043e\u0437\u0432\u0456\u043b \u043d\u0430 \u0440\u043e\u0431\u043e\u0442\u0443 \u0432\u0456\u0434 \u0442\u0440\u0430\u043d\u0441\u043f\u043e\u0440\u0442\u043d\u043e\u0457 \u043a\u043e\u043c\u043f\u0430\u043d\u0456\u0457)\" \/>\n<meta property=\"og:description\" content=\"\u0412\u043e\u0454\u0432\u043e\u0434\u0441\u044c\u043a\u0430 \u0432\u0456\u0437\u0430 \u0442\u0438\u043f\u0443 D \u2014 \u0446\u0435 \u043d\u0430\u0446\u0456\u043e\u043d\u0430\u043b\u044c\u043d\u0430 \u0440\u043e\u0431\u043e\u0447\u0430 \u0432\u0456\u0437\u0430, \u0437\u0430 \u044f\u043a\u043e\u044e \u0432\u0438 \u043c\u043e\u0436\u0435\u0442\u0435 \u043e\u0444\u0456\u0446\u0456\u0439\u043d\u043e \u0436\u0438\u0442\u0438 \u0442\u0430 \u043f\u0440\u0430\u0446\u044e\u0432\u0430\u0442\u0438 \u0432 \u041f\u043e\u043b\u044c\u0449\u0456 \u0442\u0440\u0438\u0432\u0430\u043b\u0438\u0439 \u0447\u0430\u0441 (\u0434\u043e 36 \u043c\u0456\u0441\u044f\u0446\u0456\u0432). \u0407\u0457 \u0432\u0438\u0434\u0430\u044e\u0442\u044c \u043d\u0430 \u043f\u0456\u0434\u0441\u0442\u0430\u0432\u0456 \u0434\u043e\u0437\u0432\u043e\u043b\u0443 \u043d\u0430 \u0440\u043e\u0431\u043e\u0442\u0443 (Zezwolenie na prac\u0119 typ A), \u044f\u043a\u0438\u0439 \u043e\u0444\u043e\u0440\u043c\u043b\u044e\u0454 \u0432\u043e\u0454\u0432\u043e\u0434\u0441\u044c\u043a\u0435 \u0443\u043f\u0440\u0430\u0432\u043b\u0456\u043d\u043d\u044f \u043d\u0430 \u0437\u0430\u043f\u0438\u0442 \u0432\u0430\u0448\u043e\u0433\u043e \u0440\u043e\u0431\u043e\u0442\u043e\u0434\u0430\u0432\u0446\u044f. \u0423 \u0434\u043e\u043a\u0443\u043c\u0435\u043d\u0442\u0456 \u0447\u0456\u0442\u043a\u043e \u0432\u043a\u0430\u0437\u0430\u043d\u043e \u043a\u043e\u043d\u043a\u0440\u0435\u0442\u043d\u043e\u0433\u043e \u0440\u043e\u0431\u043e\u0442\u043e\u0434\u0430\u0432\u0446\u044f, \u043f\u043e\u0441\u0430\u0434\u0443, \u0442\u0435\u0440\u043c\u0456\u043d \u0456 \u0443\u043c\u043e\u0432\u0438 \u043f\u0440\u0430\u0446\u0456. [&hellip;]\" \/>\n<meta property=\"og:url\" content=\"https:\/\/eurowiza.com\/uk\/voivodeship-visa-for-36-months-work-permit-from-a-transport-company\/\" \/>\n<meta property=\"og:site_name\" content=\"Eurowiza\" \/>\n<meta property=\"article:modified_time\" content=\"2026-02-05T10:54:18+00:00\" \/>\n<meta name=\"twitter:card\" content=\"summary_large_image\" \/>\n<meta name=\"twitter:label1\" content=\"\u041f\u0440\u0438\u0431\u043b. \u0447\u0430\u0441 \u0447\u0438\u0442\u0430\u043d\u043d\u044f\" \/>\n\t<meta name=\"twitter:data1\" content=\"2 \u0445\u0432\u0438\u043b\u0438\u043d\u0438\" \/>\n<script type=\"application\/ld+json\" class=\"yoast-schema-graph\">{\"@context\":\"https:\\\/\\\/schema.org\",\"@graph\":[{\"@type\":\"WebPage\",\"@id\":\"https:\\\/\\\/eurowiza.com\\\/pl\\\/voivodeship-visa-for-36-months-work-permit-from-a-transport-company\\\/\",\"url\":\"https:\\\/\\\/eurowiza.com\\\/pl\\\/voivodeship-visa-for-36-months-work-permit-from-a-transport-company\\\/\",\"name\":\"\u0412\u043e\u0454\u0432\u043e\u0434\u0441\u044c\u043a\u0430 \u0432\u0456\u0437\u0430 \u043d\u0430 36 \u043c\u0456\u0441\u044f\u0446\u0456\u0432 (\u0434\u043e\u0437\u0432\u0456\u043b \u043d\u0430 \u0440\u043e\u0431\u043e\u0442\u0443 \u0432\u0456\u0434 \u0442\u0440\u0430\u043d\u0441\u043f\u043e\u0440\u0442\u043d\u043e\u0457 \u043a\u043e\u043c\u043f\u0430\u043d\u0456\u0457)\",\"isPartOf\":{\"@id\":\"https:\\\/\\\/eurowiza.com\\\/#website\"},\"datePublished\":\"2025-10-03T14:26:57+00:00\",\"dateModified\":\"2026-02-05T10:54:18+00:00\",\"breadcrumb\":{\"@id\":\"https:\\\/\\\/eurowiza.com\\\/pl\\\/voivodeship-visa-for-36-months-work-permit-from-a-transport-company\\\/#breadcrumb\"},\"inLanguage\":\"uk\",\"potentialAction\":[{\"@type\":\"ReadAction\",\"target\":[\"https:\\\/\\\/eurowiza.com\\\/pl\\\/voivodeship-visa-for-36-months-work-permit-from-a-transport-company\\\/\"]}]},{\"@type\":\"BreadcrumbList\",\"@id\":\"https:\\\/\\\/eurowiza.com\\\/pl\\\/voivodeship-visa-for-36-months-work-permit-from-a-transport-company\\\/#breadcrumb\",\"itemListElement\":[{\"@type\":\"ListItem\",\"position\":1,\"name\":\"\u0413\u043b\u0430\u0432\u043d\u0430\u044f \u0441\u0442\u0440\u0430\u043d\u0438\u0446\u0430\",\"item\":\"https:\\\/\\\/eurowiza.com\\\/en\\\/\"},{\"@type\":\"ListItem\",\"position\":2,\"name\":\"Wiza wojew\u00f3dzka na 36 miesi\u0119cy (zezwolenie na prac\u0119 od firmy transportowej)\"}]},{\"@type\":\"WebSite\",\"@id\":\"https:\\\/\\\/eurowiza.com\\\/#website\",\"url\":\"https:\\\/\\\/eurowiza.com\\\/\",\"name\":\"Eurowiza\",\"description\":\"\u0420\u043e\u0431\u043e\u0447\u0435 \u0437\u0430\u043f\u0440\u043e\u0448\u0435\u043d\u043d\u044f, \u0432\u0456\u0437\u0430, \u043f\u0440\u0430\u0446\u0435\u0432\u043b\u0430\u0448\u0442\u0443\u0432\u0430\u043d\u043d\u044f\",\"potentialAction\":[{\"@type\":\"SearchAction\",\"target\":{\"@type\":\"EntryPoint\",\"urlTemplate\":\"https:\\\/\\\/eurowiza.com\\\/?s={search_term_string}\"},\"query-input\":{\"@type\":\"PropertyValueSpecification\",\"valueRequired\":true,\"valueName\":\"search_term_string\"}}],\"inLanguage\":\"uk\"}]}<\/script>\n<!-- \/ Yoast SEO plugin. -->","yoast_head_json":{"title":"\u0412\u043e\u0454\u0432\u043e\u0434\u0441\u044c\u043a\u0430 \u0432\u0456\u0437\u0430 \u043d\u0430 36 \u043c\u0456\u0441\u044f\u0446\u0456\u0432 (\u0434\u043e\u0437\u0432\u0456\u043b \u043d\u0430 \u0440\u043e\u0431\u043e\u0442\u0443 \u0432\u0456\u0434 \u0442\u0440\u0430\u043d\u0441\u043f\u043e\u0440\u0442\u043d\u043e\u0457 \u043a\u043e\u043c\u043f\u0430\u043d\u0456\u0457)","robots":{"index":"index","follow":"follow","max-snippet":"max-snippet:-1","max-image-preview":"max-image-preview:large","max-video-preview":"max-video-preview:-1"},"canonical":"https:\/\/eurowiza.com\/uk\/voivodeship-visa-for-36-months-work-permit-from-a-transport-company\/","og_locale":"uk_UA","og_type":"article","og_title":"[:en]Voivodeship Visa for 36 Months (Work Permit from a Transport Company)[:uk]\u0412\u043e\u0454\u0432\u043e\u0434\u0441\u044c\u043a\u0430 \u0432\u0456\u0437\u0430 \u043d\u0430 36 \u043c\u0456\u0441\u044f\u0446\u0456\u0432 (\u0434\u043e\u0437\u0432\u0456\u043b \u043d\u0430 \u0440\u043e\u0431\u043e\u0442\u0443 \u0432\u0456\u0434 \u0442\u0440\u0430\u043d\u0441\u043f\u043e\u0440\u0442\u043d\u043e\u0457 \u043a\u043e\u043c\u043f\u0430\u043d\u0456\u0457)[:pl]Wiza wojew\u00f3dzka na 36 miesi\u0119cy (zezwolenie na prac\u0119 od firmy transportowej)[:ru]\u0412\u043e\u0435\u0432\u043e\u0434\u0441\u043a\u0430\u044f \u0432\u0438\u0437\u0430 \u043d\u0430 36 \u043c\u0435\u0441\u044f\u0446\u0435\u0432 (\u0440\u0430\u0437\u0440\u0435\u0448\u0435\u043d\u0438\u0435 \u043d\u0430 \u0440\u0430\u0431\u043e\u0442\u0443 \u043e\u0442 \u0442\u0440\u0430\u043d\u0441\u043f\u043e\u0440\u0442\u043d\u043e\u0439 \u043a\u043e\u043c\u043f\u0430\u043d\u0438\u0438)[:] - Eurowiza","og_description":"\u0412\u043e\u0454\u0432\u043e\u0434\u0441\u044c\u043a\u0430 \u0432\u0456\u0437\u0430 \u0442\u0438\u043f\u0443 D \u2014 \u0446\u0435 \u043d\u0430\u0446\u0456\u043e\u043d\u0430\u043b\u044c\u043d\u0430 \u0440\u043e\u0431\u043e\u0447\u0430 \u0432\u0456\u0437\u0430, \u0437\u0430 \u044f\u043a\u043e\u044e \u0432\u0438 \u043c\u043e\u0436\u0435\u0442\u0435 \u043e\u0444\u0456\u0446\u0456\u0439\u043d\u043e \u0436\u0438\u0442\u0438 \u0442\u0430 \u043f\u0440\u0430\u0446\u044e\u0432\u0430\u0442\u0438 \u0432 \u041f\u043e\u043b\u044c\u0449\u0456 \u0442\u0440\u0438\u0432\u0430\u043b\u0438\u0439 \u0447\u0430\u0441 (\u0434\u043e 36 \u043c\u0456\u0441\u044f\u0446\u0456\u0432). \u0407\u0457 \u0432\u0438\u0434\u0430\u044e\u0442\u044c \u043d\u0430 \u043f\u0456\u0434\u0441\u0442\u0430\u0432\u0456 \u0434\u043e\u0437\u0432\u043e\u043b\u0443 \u043d\u0430 \u0440\u043e\u0431\u043e\u0442\u0443 (Zezwolenie na prac\u0119 typ A), \u044f\u043a\u0438\u0439 \u043e\u0444\u043e\u0440\u043c\u043b\u044e\u0454 \u0432\u043e\u0454\u0432\u043e\u0434\u0441\u044c\u043a\u0435 \u0443\u043f\u0440\u0430\u0432\u043b\u0456\u043d\u043d\u044f \u043d\u0430 \u0437\u0430\u043f\u0438\u0442 \u0432\u0430\u0448\u043e\u0433\u043e \u0440\u043e\u0431\u043e\u0442\u043e\u0434\u0430\u0432\u0446\u044f. \u0423 \u0434\u043e\u043a\u0443\u043c\u0435\u043d\u0442\u0456 \u0447\u0456\u0442\u043a\u043e \u0432\u043a\u0430\u0437\u0430\u043d\u043e \u043a\u043e\u043d\u043a\u0440\u0435\u0442\u043d\u043e\u0433\u043e \u0440\u043e\u0431\u043e\u0442\u043e\u0434\u0430\u0432\u0446\u044f, \u043f\u043e\u0441\u0430\u0434\u0443, \u0442\u0435\u0440\u043c\u0456\u043d \u0456 \u0443\u043c\u043e\u0432\u0438 \u043f\u0440\u0430\u0446\u0456. [&hellip;]","og_url":"https:\/\/eurowiza.com\/uk\/voivodeship-visa-for-36-months-work-permit-from-a-transport-company\/","og_site_name":"Eurowiza","article_modified_time":"2026-02-05T10:54:18+00:00","twitter_card":"summary_large_image","twitter_misc":{"\u041f\u0440\u0438\u0431\u043b. \u0447\u0430\u0441 \u0447\u0438\u0442\u0430\u043d\u043d\u044f":"2 \u0445\u0432\u0438\u043b\u0438\u043d\u0438"},"schema":{"@context":"https:\/\/schema.org","@graph":[{"@type":"WebPage","@id":"https:\/\/eurowiza.com\/pl\/voivodeship-visa-for-36-months-work-permit-from-a-transport-company\/","url":"https:\/\/eurowiza.com\/pl\/voivodeship-visa-for-36-months-work-permit-from-a-transport-company\/","name":"\u0412\u043e\u0454\u0432\u043e\u0434\u0441\u044c\u043a\u0430 \u0432\u0456\u0437\u0430 \u043d\u0430 36 \u043c\u0456\u0441\u044f\u0446\u0456\u0432 (\u0434\u043e\u0437\u0432\u0456\u043b \u043d\u0430 \u0440\u043e\u0431\u043e\u0442\u0443 \u0432\u0456\u0434 \u0442\u0440\u0430\u043d\u0441\u043f\u043e\u0440\u0442\u043d\u043e\u0457 \u043a\u043e\u043c\u043f\u0430\u043d\u0456\u0457)","isPartOf":{"@id":"https:\/\/eurowiza.com\/#website"},"datePublished":"2025-10-03T14:26:57+00:00","dateModified":"2026-02-05T10:54:18+00:00","breadcrumb":{"@id":"https:\/\/eurowiza.com\/pl\/voivodeship-visa-for-36-months-work-permit-from-a-transport-company\/#breadcrumb"},"inLanguage":"uk","potentialAction":[{"@type":"ReadAction","target":["https:\/\/eurowiza.com\/pl\/voivodeship-visa-for-36-months-work-permit-from-a-transport-company\/"]}]},{"@type":"BreadcrumbList","@id":"https:\/\/eurowiza.com\/pl\/voivodeship-visa-for-36-months-work-permit-from-a-transport-company\/#breadcrumb","itemListElement":[{"@type":"ListItem","position":1,"name":"\u0413\u043b\u0430\u0432\u043d\u0430\u044f \u0441\u0442\u0440\u0430\u043d\u0438\u0446\u0430","item":"https:\/\/eurowiza.com\/en\/"},{"@type":"ListItem","position":2,"name":"Wiza wojew\u00f3dzka na 36 miesi\u0119cy (zezwolenie na prac\u0119 od firmy transportowej)"}]},{"@type":"WebSite","@id":"https:\/\/eurowiza.com\/#website","url":"https:\/\/eurowiza.com\/","name":"Eurowiza","description":"\u0420\u043e\u0431\u043e\u0447\u0435 \u0437\u0430\u043f\u0440\u043e\u0448\u0435\u043d\u043d\u044f, \u0432\u0456\u0437\u0430, \u043f\u0440\u0430\u0446\u0435\u0432\u043b\u0430\u0448\u0442\u0443\u0432\u0430\u043d\u043d\u044f","potentialAction":[{"@type":"SearchAction","target":{"@type":"EntryPoint","urlTemplate":"https:\/\/eurowiza.com\/?s={search_term_string}"},"query-input":{"@type":"PropertyValueSpecification","valueRequired":true,"valueName":"search_term_string"}}],"inLanguage":"uk"}]}},"_links":{"self":[{"href":"https:\/\/eurowiza.com\/uk\/wp-json\/wp\/v2\/pages\/2915","targetHints":{"allow":["GET"]}}],"collection":[{"href":"https:\/\/eurowiza.com\/uk\/wp-json\/wp\/v2\/pages"}],"about":[{"href":"https:\/\/eurowiza.com\/uk\/wp-json\/wp\/v2\/types\/page"}],"author":[{"embeddable":true,"href":"https:\/\/eurowiza.com\/uk\/wp-json\/wp\/v2\/users\/1"}],"replies":[{"embeddable":true,"href":"https:\/\/eurowiza.com\/uk\/wp-json\/wp\/v2\/comments?post=2915"}],"version-history":[{"count":11,"href":"https:\/\/eurowiza.com\/uk\/wp-json\/wp\/v2\/pages\/2915\/revisions"}],"predecessor-version":[{"id":4731,"href":"https:\/\/eurowiza.com\/uk\/wp-json\/wp\/v2\/pages\/2915\/revisions\/4731"}],"wp:attachment":[{"href":"https:\/\/eurowiza.com\/uk\/wp-json\/wp\/v2\/media?parent=2915"}],"curies":[{"name":"wp","href":"https:\/\/api.w.org\/{rel}","templated":true}]}}